{"id":2104,"date":"2022-11-14T14:36:44","date_gmt":"2022-11-22T14:05:37","guid":{"rendered":"https:\/\/test.parallel-ideas.ee\/product\/roll-up-lux-200-x-200-%d1%81m\/"},"modified":"2025-03-11T13:38:26","modified_gmt":"2025-03-11T10:38:26","slug":"roll-up-lux-200-x-200-%d1%81m","status":"publish","type":"product","link":"https:\/\/test.parallel-ideas.ee\/et\/roll-up-catalog\/roll-up-lux-200-x-200-%d1%81m\/","title":{"rendered":"Roll-Up Lux 200 x 200 \u0441m"},"content":{"rendered":"<p><b style=\"color: #c5310d;\">Roll-up Lux 200 x 200 cm on populaarne reklaamikandja, millele rullitakse b\u00e4nner kokku ja paigaldatakse alumiiniums\u00fcsteemi. Roll-up s\u00fcsteemi mugav kasutamine ja selle lihtne transport teevad sellest \u00fche populaarseima n\u00e4ituses\u00fcsteemi.<\/b><br \/>\nKogu komplekt on pakendatud mugavasse transpordikotti.<\/p>\n<p>Hinna sisse kuulub: alumiiniumist roll-up s\u00fcsteem Lux, tr\u00fckitud b\u00e4nner, transpordikott.<br \/>\nReklaami n\u00e4htav formaat on 200 x 200 cm ning k\u00f5rgekvaliteedilise tr\u00fckise saamiseks on v\u00e4ljatr\u00fckk tehtud rullkilele.<\/p>\n<p><b style=\"color: #c5310d;\">Roll-Up Lux stendid<\/b> &#8211; see on m\u00e4rksa k\u00f5rgema kvaliteediga stendide s\u00fcsteem, laiema aluse, parema vastupidavuse ja m\u00e4rkimisv\u00e4\u00e4rsema kujundusega.<br \/>\nRoll-Up Lux stendi kasutatakse p\u00f5hiliselt esinduslikel ja pikaaegsetel eesm\u00e4rkidel, n\u00e4iteks \u00e4rikeskustes, hotelli fuajeedes, kontoriruumides, n\u00e4itustesaalides.<\/p>\n<p><b style=\"color: #c5310d;\">Roll-up on \u00fcsna populaarne t\u00f6\u00f6vahend esitlustel ja ettekannete ajal. Neid kasutatakse k\u00f5ige enam:<\/b><br \/>\n| Messid ja laadad<br \/>\n| Erinevad \u00fcritused<br \/>\n| T\u00e4iendusena ettev\u00f5tte stendile<br \/>\n| Konverentsi korraldamine<br \/>\n| Ettekanded idee tugevdamiseks.<\/p>\n<p><b style=\"color: #c5310d;\">Kokkupanemise juhend:<\/b><br \/>\n1. K\u00f5ik Roll-upid saadetakse tasuta transpordi\u00fcmbrises. Esmalt v\u00f5tke b\u00e4nner \u00fcmbrisest v\u00e4lja.<br \/>\n2. Paigutage b\u00e4nner p\u00f5randale.<br \/>\n3. J\u00e4rgmisena v\u00f5tke vutlarist v\u00e4lja post ja t\u00f5mmake see t\u00e4ispikkuses v\u00e4lja.<br \/>\n4. P\u00f6\u00f6rates b\u00e4nneril olevat kujutist endale seljaga, t\u00f5mmake v\u00e4ljat\u00f5mmatav b\u00e4nner rinnuni v\u00e4lja.<br \/>\n5. Sisestage tugiposti \u00fchendaja v\u00e4ljat\u00f5mmatava b\u00e4nneri \u00fclaosas asuvasse vardasse.<br \/>\n6. T\u00f5mmake posti abil b\u00e4nner t\u00e4ispikkuses v\u00e4lja.<br \/>\n7. Niipea, kui b\u00e4nner saavutab t\u00e4ispikkuse, kinnitage metall\u00fcmbrisega posti teine ots v\u00e4ljat\u00f5mmatava b\u00e4nneri alusele.<br \/>\nV\u00e4ljat\u00f5mmatava b\u00e4nneri t\u00f5stmisel olge ettevaatlik, \u00e4rge laske lahti kuni see pole l\u00f5plikult v\u00e4lja t\u00f5mmatud, vastasel juhul v\u00f5ib teie b\u00e4nner kahjustada saada.<\/p>\n<p><b style=\"color: #c5310d;\">Lahtiv\u00f5tmise juhend:<\/b><br \/>\n1. Hoidke \u00fche k\u00e4ega b\u00e4nneri \u00fclemist osa.<br \/>\n2. Teise k\u00e4ega v\u00f5tke v\u00e4lja posti alumine ots metallkorpusest, kuid veenduge, et posti \u00fclemine osa on \u00fchendatud b\u00e4nneriga.<br \/>\n3. Laske b\u00e4nneril ettevaatlikult tagasi laskuda vutlarisse, kuni ta on rinnuni.<br \/>\n4. Hoidke k\u00e4tt b\u00e4nneri \u00fclaosal ja eemaldage post \u00fclemiselt osalt ning ettevaatlikult langetage see \u00fcmbrisesse.<br \/>\n5. Keerake jalatoed tagasi ja paigutage b\u00e4nner ning post tagasi transpordikotti.<\/p>\n","protected":false},"excerpt":{"rendered":"<p>Roll-up Lux 200 x 200 cm on populaarne reklaamikandja, millele rullitakse b\u00e4nner kokku ja paigaldatakse alumiiniums\u00fcsteemi. Roll-up s\u00fcsteemi mugav kasutamine ja selle lihtne transport teevad sellest \u00fche populaarseima n\u00e4ituses\u00fcsteemi. Kogu komplekt on pakendatud mugavasse transpordikotti. Hinna sisse kuulub: alumiiniumist roll-up s\u00fcsteem Lux, tr\u00fckitud b\u00e4nner, transpordikott. Reklaami n\u00e4htav formaat on 200 x 200 cm ning k\u00f5rgekvaliteedilise [&hellip;]<\/p>\n","protected":false},"featured_media":2000,"comment_status":"open","ping_status":"closed","template":"","meta":{"_et_pb_use_builder":"","_et_pb_old_content":"","_et_gb_content_width":"","inline_featured_image":false},"product_brand":[],"product_cat":[273],"product_tag":[283,277,269,274],"class_list":{"0":"post-2104","1":"product","2":"type-product","3":"status-publish","4":"has-post-thumbnail","6":"product_cat-roll-up-et-2","7":"product_tag-200x200-cm-et-2","8":"product_tag-lux-stend","9":"product_tag-roll-up-stend","10":"product_tag-uhepoolne","11":"product_shipping_class-kohaletoimetamine-eu","13":"first","14":"instock","15":"featured","16":"taxable","17":"shipping-taxable","18":"purchasable","19":"product-type-simple"},"aioseo_notices":[],"_links":{"self":[{"href":"https:\/\/test.parallel-ideas.ee\/et\/wp-json\/wp\/v2\/product\/2104","targetHints":{"allow":["GET"]}}],"collection":[{"href":"https:\/\/test.parallel-ideas.ee\/et\/wp-json\/wp\/v2\/product"}],"about":[{"href":"https:\/\/test.parallel-ideas.ee\/et\/wp-json\/wp\/v2\/types\/product"}],"replies":[{"embeddable":true,"href":"https:\/\/test.parallel-ideas.ee\/et\/wp-json\/wp\/v2\/comments?post=2104"}],"wp:featuredmedia":[{"embeddable":true,"href":"https:\/\/test.parallel-ideas.ee\/et\/wp-json\/wp\/v2\/media\/2000"}],"wp:attachment":[{"href":"https:\/\/test.parallel-ideas.ee\/et\/wp-json\/wp\/v2\/media?parent=2104"}],"wp:term":[{"taxonomy":"product_brand","embeddable":true,"href":"https:\/\/test.parallel-ideas.ee\/et\/wp-json\/wp\/v2\/product_brand?post=2104"},{"taxonomy":"product_cat","embeddable":true,"href":"https:\/\/test.parallel-ideas.ee\/et\/wp-json\/wp\/v2\/product_cat?post=2104"},{"taxonomy":"product_tag","embeddable":true,"href":"https:\/\/test.parallel-ideas.ee\/et\/wp-json\/wp\/v2\/product_tag?post=2104"}],"curies":[{"name":"wp","href":"https:\/\/api.w.org\/{rel}","templated":true}]}}