{"id":1953,"date":"2021-02-08T12:29:28","date_gmt":"2022-11-08T11:15:31","guid":{"rendered":"https:\/\/test.parallel-ideas.ee\/product\/disaini-teenus-faili-ettevalmistus\/"},"modified":"2023-08-16T13:41:32","modified_gmt":"2023-08-16T10:41:32","slug":"design-service-file-preparing","status":"publish","type":"product","link":"https:\/\/test.parallel-ideas.ee\/et\/roll-up-catalog\/design-service-file-preparing\/","title":{"rendered":"Koondfaili ettevalmistamine"},"content":{"rendered":"<p><b style=\"color:#C5310D;\">Rollup Master loob v\u00f5i redigeerib teie Roll-Up stendi v\u00f5i X-b\u00e4nneri kujundust, mida soovite tellida.<\/b><\/p>\n<p><b style=\"color:#C5310D;\">Mida t\u00e4hendab faili ettevalmistamine\/uuendamine? Kui teil on valmis kujundus, kuid soovite, et aitaksime selle ette valmistada tr\u00fckkimiseks. M\u00f5nikord on tarvis muuta mistahes teksti v\u00f5i fotot eelnevates kujundustes v\u00f5i teha \u00e4\u00e4re k\u00e4rpimine 3 mm vastavalt tr\u00fckkimise n\u00f5uetele. Rollup Master aitab teil seda k\u00f5ike teha.<\/b><\/p>\n<p><b style=\"color:#C5310D;\">Mida te saate:<\/b><br \/>\n1. Teie uuendused on tehtud (teksti ja foto uuendus)<br \/>\n2. Teie fail on valmistatud ette vastavalt tr\u00fckkimise n\u00f5uetele<br \/>\n3. Teie fail JPG formaadis eraldusv\u00f5imega 300 DPI<br \/>\n4. Tr\u00fckivalmis PDF fail eraldusv\u00f5imega 300 DPI CMYK vormingus<\/p>\n<p><b style=\"color:#C5310D;\">T\u00e4htajad: 1-2 t\u00f6\u00f6tundi faili ettevalmistamiseks\/uuendamiseks.<\/b><\/p>\n<p><b style=\"color:#C5310D;\">Mida soovime teilt saada:<\/b><br \/>\n1. Teie soovid ja tingimused seoses uuendusega<br \/>\n2. Pilt ja tekst, mida soovite uuendada (olemasolul)<br \/>\n3. Teie toetus )<\/p>\n","protected":false},"excerpt":{"rendered":"<p>Rollup Master loob v\u00f5i redigeerib teie Roll-Up stendi v\u00f5i X-b\u00e4nneri kujundust, mida soovite tellida. Mida t\u00e4hendab faili ettevalmistamine\/uuendamine? Kui teil on valmis kujundus, kuid soovite, et aitaksime selle ette valmistada tr\u00fckkimiseks. M\u00f5nikord on tarvis muuta mistahes teksti v\u00f5i fotot eelnevates kujundustes v\u00f5i teha \u00e4\u00e4re k\u00e4rpimine 3 mm vastavalt tr\u00fckkimise n\u00f5uetele. Rollup Master aitab teil seda [&hellip;]<\/p>\n","protected":false},"featured_media":1954,"comment_status":"open","ping_status":"closed","template":"","meta":{"_et_pb_use_builder":"","_et_pb_old_content":"","_et_gb_content_width":"","inline_featured_image":false},"product_brand":[],"product_cat":[264],"product_tag":[262],"class_list":{"0":"post-1953","1":"product","2":"type-product","3":"status-publish","4":"has-post-thumbnail","6":"product_cat-disaini-teenus-et","7":"product_tag-faili-ettevalmistus","9":"first","10":"instock","11":"virtual","12":"taxable","13":"purchasable","14":"product-type-simple"},"aioseo_notices":[],"_links":{"self":[{"href":"https:\/\/test.parallel-ideas.ee\/et\/wp-json\/wp\/v2\/product\/1953","targetHints":{"allow":["GET"]}}],"collection":[{"href":"https:\/\/test.parallel-ideas.ee\/et\/wp-json\/wp\/v2\/product"}],"about":[{"href":"https:\/\/test.parallel-ideas.ee\/et\/wp-json\/wp\/v2\/types\/product"}],"replies":[{"embeddable":true,"href":"https:\/\/test.parallel-ideas.ee\/et\/wp-json\/wp\/v2\/comments?post=1953"}],"wp:featuredmedia":[{"embeddable":true,"href":"https:\/\/test.parallel-ideas.ee\/et\/wp-json\/wp\/v2\/media\/1954"}],"wp:attachment":[{"href":"https:\/\/test.parallel-ideas.ee\/et\/wp-json\/wp\/v2\/media?parent=1953"}],"wp:term":[{"taxonomy":"product_brand","embeddable":true,"href":"https:\/\/test.parallel-ideas.ee\/et\/wp-json\/wp\/v2\/product_brand?post=1953"},{"taxonomy":"product_cat","embeddable":true,"href":"https:\/\/test.parallel-ideas.ee\/et\/wp-json\/wp\/v2\/product_cat?post=1953"},{"taxonomy":"product_tag","embeddable":true,"href":"https:\/\/test.parallel-ideas.ee\/et\/wp-json\/wp\/v2\/product_tag?post=1953"}],"curies":[{"name":"wp","href":"https:\/\/api.w.org\/{rel}","templated":true}]}}