{"id":2319,"date":"2023-06-02T10:55:38","date_gmt":"2023-06-02T07:55:38","guid":{"rendered":"https:\/\/test.parallel-ideas.ee\/nouded\/"},"modified":"2023-08-31T08:14:36","modified_gmt":"2023-08-31T05:14:36","slug":"nouded","status":"publish","type":"page","link":"https:\/\/test.parallel-ideas.ee\/et\/nouded\/","title":{"rendered":"N\u00f5uded"},"content":{"rendered":"<p>[et_pb_section fb_built=&#8221;1&#8243; _builder_version=&#8221;4.16&#8243; _module_preset=&#8221;default&#8221; custom_padding=&#8221;0px||0px||true|&#8221; global_colors_info=&#8221;{}&#8221;][et_pb_row _builder_version=&#8221;4.16&#8243; _module_preset=&#8221;default&#8221; custom_padding=&#8221;||0px|||&#8221; global_colors_info=&#8221;{}&#8221;][et_pb_column type=&#8221;4_4&#8243; _builder_version=&#8221;4.16&#8243; _module_preset=&#8221;default&#8221; global_colors_info=&#8221;{}&#8221;][et_pb_text _builder_version=&#8221;4.22.1&#8243; _module_preset=&#8221;default&#8221; header_3_font=&#8221;|300|||||||&#8221; header_3_font_size=&#8221;30px&#8221; hover_enabled=&#8221;0&#8243; global_colors_info=&#8221;{}&#8221; sticky_enabled=&#8221;0&#8243;]<\/p>\n<h3 class=\"et_pb_toggle_title\">Millist failivormingut ja n\u00f5udeid peaksin kujunduse printimiseks esitamisel kasutama?<\/h3>\n<p>[\/et_pb_text][et_pb_text _builder_version=&#8221;4.22.1&#8243; _module_preset=&#8221;default&#8221; text_font=&#8221;|300|||||||&#8221; text_font_size=&#8221;14px&#8221; text_line_height=&#8221;1.6em&#8221; hover_enabled=&#8221;0&#8243; global_colors_info=&#8221;{}&#8221; sticky_enabled=&#8221;0&#8243;]<\/p>\n<p><span><strong>PDF (Portable Document Format)<\/strong> on k\u00f5ige levinum ja eelistatud failivorming digitaalsete dokumentide esitamiseks.<\/span><br \/><span>J\u00e4rgige oma kujunduse printimiseks ettevalmistamisel j\u00e4rgmisi n\u00f5udeid:<\/span><\/p>\n<p>&nbsp;<\/p>\n<p>[\/et_pb_text][\/et_pb_column][\/et_pb_row][\/et_pb_section][et_pb_section fb_built=&#8221;1&#8243; _builder_version=&#8221;4.16&#8243; _module_preset=&#8221;default&#8221; custom_padding=&#8221;0px||0px||true|&#8221; global_colors_info=&#8221;{}&#8221;][et_pb_row _builder_version=&#8221;4.16&#8243; _module_preset=&#8221;default&#8221; custom_padding=&#8221;0px|||||&#8221; global_colors_info=&#8221;{}&#8221;][et_pb_column type=&#8221;4_4&#8243; _builder_version=&#8221;4.16&#8243; _module_preset=&#8221;default&#8221; global_colors_info=&#8221;{}&#8221;][et_pb_text _builder_version=&#8221;4.22.1&#8243; _module_preset=&#8221;default&#8221; header_3_font=&#8221;|300|||||||&#8221; header_3_font_size=&#8221;30px&#8221; hover_enabled=&#8221;0&#8243; global_colors_info=&#8221;{}&#8221; sticky_enabled=&#8221;0&#8243;]<\/p>\n<h3>Failin\u00f5uded Roll-Up Masteris<\/h3>\n<p>[\/et_pb_text][\/et_pb_column][\/et_pb_row][et_pb_row column_structure=&#8221;1_2,1_2&#8243; use_custom_gutter=&#8221;on&#8221; gutter_width=&#8221;1&#8243; make_equal=&#8221;on&#8221; module_id=&#8221;wwd-boxes&#8221; _builder_version=&#8221;4.16&#8243; _module_preset=&#8221;default&#8221; custom_padding=&#8221;0px||0px|||&#8221; global_colors_info=&#8221;{}&#8221;][et_pb_column type=&#8221;1_2&#8243; _builder_version=&#8221;4.16&#8243; _module_preset=&#8221;default&#8221; background_color=&#8221;#032b35&#8243; global_colors_info=&#8221;{}&#8221;][et_pb_text _builder_version=&#8221;4.19.0&#8243; _module_preset=&#8221;default&#8221; text_font=&#8221;|300|||||||&#8221; text_text_color=&#8221;#FFFFFF&#8221; text_font_size=&#8221;14px&#8221; link_font=&#8221;|600||on|||||&#8221; link_text_color=&#8221;#FFFFFF&#8221; link_font_size=&#8221;11px&#8221; header_3_text_color=&#8221;#FFFFFF&#8221; custom_padding=&#8221;35px|50px||50px|false|true&#8221; global_colors_info=&#8221;{}&#8221;]<\/p>\n<h3><img decoding=\"async\" src=\"https:\/\/test.parallel-ideas.ee\/wp-content\/uploads\/2023\/06\/pdf-300x264.png\" width=\"125  \" alt=\"\" class=\"wp-image-2266 alignnone size-medium\" srcset=\"https:\/\/test.parallel-ideas.ee\/wp-content\/uploads\/2023\/06\/pdf-300x264.png 300w, https:\/\/test.parallel-ideas.ee\/wp-content\/uploads\/2023\/06\/pdf.png 330w\" sizes=\"(max-width: 300px) 100vw, 300px\" \/> <span>Faili eksport PDF-vormingus<\/span><\/h3>\n<p>[\/et_pb_text][\/et_pb_column][et_pb_column type=&#8221;1_2&#8243; _builder_version=&#8221;4.16&#8243; _module_preset=&#8221;default&#8221; background_color=&#8221;#c5310d&#8221; global_colors_info=&#8221;{}&#8221;][et_pb_text _builder_version=&#8221;4.21.0&#8243; _module_preset=&#8221;default&#8221; text_font=&#8221;|300|||||||&#8221; text_text_color=&#8221;#FFFFFF&#8221; text_font_size=&#8221;14px&#8221; link_font=&#8221;|600||on|||||&#8221; link_text_color=&#8221;#FFFFFF&#8221; link_font_size=&#8221;11px&#8221; header_3_text_color=&#8221;#FFFFFF&#8221; custom_padding=&#8221;35px|50px||50px|false|true&#8221; global_colors_info=&#8221;{}&#8221;]<\/p>\n<h3><img decoding=\"async\" src=\"https:\/\/test.parallel-ideas.ee\/wp-content\/uploads\/2023\/06\/300-300x264.png\" width=\"125\" alt=\"\" class=\"wp-image-2251 alignnone size-medium\" srcset=\"https:\/\/test.parallel-ideas.ee\/wp-content\/uploads\/2023\/06\/300-300x264.png 300w, https:\/\/test.parallel-ideas.ee\/wp-content\/uploads\/2023\/06\/300.png 330w\" sizes=\"(max-width: 300px) 100vw, 300px\" \/> <span>Disaini kvaliteet 300 DPI<\/span><\/h3>\n<p>[\/et_pb_text][\/et_pb_column][\/et_pb_row][et_pb_row column_structure=&#8221;1_2,1_2&#8243; use_custom_gutter=&#8221;on&#8221; gutter_width=&#8221;1&#8243; make_equal=&#8221;on&#8221; module_id=&#8221;wwd-boxes&#8221; _builder_version=&#8221;4.16&#8243; _module_preset=&#8221;default&#8221; custom_padding=&#8221;0px||0px|||&#8221; global_colors_info=&#8221;{}&#8221;][et_pb_column type=&#8221;1_2&#8243; _builder_version=&#8221;4.16&#8243; _module_preset=&#8221;default&#8221; background_color=&#8221;#c5310d&#8221; global_colors_info=&#8221;{}&#8221;][et_pb_text _builder_version=&#8221;4.21.0&#8243; _module_preset=&#8221;default&#8221; text_font=&#8221;|300|||||||&#8221; text_text_color=&#8221;#FFFFFF&#8221; text_font_size=&#8221;14px&#8221; link_font=&#8221;|600||on|||||&#8221; link_text_color=&#8221;#FFFFFF&#8221; link_font_size=&#8221;11px&#8221; header_3_text_color=&#8221;#FFFFFF&#8221; custom_padding=&#8221;35px|50px||50px|false|true&#8221; global_colors_info=&#8221;{}&#8221;]<\/p>\n<h3><img decoding=\"async\" src=\"https:\/\/test.parallel-ideas.ee\/wp-content\/uploads\/2023\/06\/crop-300x264.png\" width=\"125\" alt=\"\" class=\"wp-image-2260 alignnone size-medium\" srcset=\"https:\/\/test.parallel-ideas.ee\/wp-content\/uploads\/2023\/06\/crop-300x264.png 300w, https:\/\/test.parallel-ideas.ee\/wp-content\/uploads\/2023\/06\/crop.png 330w\" sizes=\"(max-width: 300px) 100vw, 300px\" \/> <span>\u00d5hutus 3 mm m\u00f5lemal k\u00fcljel<\/span><\/h3>\n<p>[\/et_pb_text][\/et_pb_column][et_pb_column type=&#8221;1_2&#8243; _builder_version=&#8221;4.16&#8243; _module_preset=&#8221;default&#8221; background_color=&#8221;#032b35&#8243; global_colors_info=&#8221;{}&#8221;][et_pb_text _builder_version=&#8221;4.21.0&#8243; _module_preset=&#8221;default&#8221; text_font=&#8221;|300|||||||&#8221; text_text_color=&#8221;#FFFFFF&#8221; text_font_size=&#8221;14px&#8221; link_font=&#8221;|600||on|||||&#8221; link_text_color=&#8221;#FFFFFF&#8221; link_font_size=&#8221;11px&#8221; header_3_text_color=&#8221;#FFFFFF&#8221; custom_padding=&#8221;35px|50px||50px|false|true&#8221; global_colors_info=&#8221;{}&#8221;]<\/p>\n<h3><img decoding=\"async\" src=\"https:\/\/test.parallel-ideas.ee\/wp-content\/uploads\/2023\/06\/bleed-300x264.png\" width=\"125\" alt=\"\" class=\"wp-image-2254 alignnone size-medium\" srcset=\"https:\/\/test.parallel-ideas.ee\/wp-content\/uploads\/2023\/06\/bleed-300x264.png 300w, https:\/\/test.parallel-ideas.ee\/wp-content\/uploads\/2023\/06\/bleed.png 330w\" sizes=\"(max-width: 300px) 100vw, 300px\" \/>Andmed servast alates 1cm<\/h3>\n<p>[\/et_pb_text][\/et_pb_column][\/et_pb_row][et_pb_row column_structure=&#8221;1_2,1_2&#8243; use_custom_gutter=&#8221;on&#8221; gutter_width=&#8221;1&#8243; make_equal=&#8221;on&#8221; module_id=&#8221;wwd-boxes&#8221; _builder_version=&#8221;4.16&#8243; _module_preset=&#8221;default&#8221; custom_padding=&#8221;0px||0px|||&#8221; global_colors_info=&#8221;{}&#8221;][et_pb_column type=&#8221;1_2&#8243; _builder_version=&#8221;4.16&#8243; _module_preset=&#8221;default&#8221; background_color=&#8221;#032b35&#8243; global_colors_info=&#8221;{}&#8221;][et_pb_text _builder_version=&#8221;4.21.0&#8243; _module_preset=&#8221;default&#8221; text_font=&#8221;|300|||||||&#8221; text_text_color=&#8221;#FFFFFF&#8221; text_font_size=&#8221;14px&#8221; link_font=&#8221;|600||on|||||&#8221; link_text_color=&#8221;#FFFFFF&#8221; link_font_size=&#8221;11px&#8221; header_3_text_color=&#8221;#FFFFFF&#8221; custom_padding=&#8221;35px|50px||50px|false|true&#8221; global_colors_info=&#8221;{}&#8221;]<\/p>\n<h3><img decoding=\"async\" src=\"https:\/\/test.parallel-ideas.ee\/wp-content\/uploads\/2023\/06\/font-300x264.png\" width=\"125\" alt=\"\" class=\"wp-image-2263 alignnone size-medium\" srcset=\"https:\/\/test.parallel-ideas.ee\/wp-content\/uploads\/2023\/06\/font-300x264.png 300w, https:\/\/test.parallel-ideas.ee\/wp-content\/uploads\/2023\/06\/font.png 330w\" sizes=\"(max-width: 300px) 100vw, 300px\" \/>Fondid peavad olema k\u00f5verad<\/h3>\n<p>[\/et_pb_text][\/et_pb_column][et_pb_column type=&#8221;1_2&#8243; _builder_version=&#8221;4.16&#8243; _module_preset=&#8221;default&#8221; background_color=&#8221;#c5310d&#8221; global_colors_info=&#8221;{}&#8221;][et_pb_text _builder_version=&#8221;4.21.0&#8243; _module_preset=&#8221;default&#8221; text_font=&#8221;|300|||||||&#8221; text_text_color=&#8221;#FFFFFF&#8221; text_font_size=&#8221;14px&#8221; link_font=&#8221;|600||on|||||&#8221; link_text_color=&#8221;#FFFFFF&#8221; link_font_size=&#8221;11px&#8221; header_3_text_color=&#8221;#FFFFFF&#8221; custom_padding=&#8221;35px|50px||50px|false|false&#8221; global_colors_info=&#8221;{}&#8221;]<\/p>\n<h3><img decoding=\"async\" src=\"https:\/\/test.parallel-ideas.ee\/wp-content\/uploads\/2023\/06\/cmyk-300x264.png\" width=\"125\" alt=\"\" class=\"wp-image-2257 alignnone size-medium\" srcset=\"https:\/\/test.parallel-ideas.ee\/wp-content\/uploads\/2023\/06\/cmyk-300x264.png 300w, https:\/\/test.parallel-ideas.ee\/wp-content\/uploads\/2023\/06\/cmyk.png 330w\" sizes=\"(max-width: 300px) 100vw, 300px\" \/>V\u00e4rvimoodul CMYK-s<\/h3>\n<p>[\/et_pb_text][\/et_pb_column][\/et_pb_row][\/et_pb_section]<\/p>\n","protected":false},"excerpt":{"rendered":"<p>Millist failivormingut ja n\u00f5udeid peaksin kujunduse printimiseks esitamisel kasutama?PDF (Portable Document Format) on k\u00f5ige levinum ja eelistatud failivorming digitaalsete dokumentide esitamiseks.J\u00e4rgige oma kujunduse printimiseks ettevalmistamisel j\u00e4rgmisi n\u00f5udeid: &nbsp;Failin\u00f5uded Roll-Up Masteris Faili eksport PDF-vormingus Disaini kvaliteet 300 DPI \u00d5hutus 3 mm m\u00f5lemal k\u00fcljelAndmed servast alates 1cmFondid peavad olema k\u00f5veradV\u00e4rvimoodul CMYK-s<\/p>\n","protected":false},"author":2,"featured_media":0,"parent":0,"menu_order":0,"comment_status":"closed","ping_status":"open","template":"","meta":{"_et_pb_use_builder":"on","_et_pb_old_content":"","_et_gb_content_width":"","inline_featured_image":false,"footnotes":""},"class_list":["post-2319","page","type-page","status-publish","hentry"],"aioseo_notices":[],"_links":{"self":[{"href":"https:\/\/test.parallel-ideas.ee\/et\/wp-json\/wp\/v2\/pages\/2319","targetHints":{"allow":["GET"]}}],"collection":[{"href":"https:\/\/test.parallel-ideas.ee\/et\/wp-json\/wp\/v2\/pages"}],"about":[{"href":"https:\/\/test.parallel-ideas.ee\/et\/wp-json\/wp\/v2\/types\/page"}],"author":[{"embeddable":true,"href":"https:\/\/test.parallel-ideas.ee\/et\/wp-json\/wp\/v2\/users\/2"}],"replies":[{"embeddable":true,"href":"https:\/\/test.parallel-ideas.ee\/et\/wp-json\/wp\/v2\/comments?post=2319"}],"version-history":[{"count":4,"href":"https:\/\/test.parallel-ideas.ee\/et\/wp-json\/wp\/v2\/pages\/2319\/revisions"}],"predecessor-version":[{"id":30485,"href":"https:\/\/test.parallel-ideas.ee\/et\/wp-json\/wp\/v2\/pages\/2319\/revisions\/30485"}],"wp:attachment":[{"href":"https:\/\/test.parallel-ideas.ee\/et\/wp-json\/wp\/v2\/media?parent=2319"}],"curies":[{"name":"wp","href":"https:\/\/api.w.org\/{rel}","templated":true}]}}