{"id":1993,"date":"2022-11-10T16:21:39","date_gmt":"2022-11-10T13:21:39","guid":{"rendered":"https:\/\/test.parallel-ideas.ee\/kasutustingimused-ja-privaatsuspoliitika\/"},"modified":"2023-08-31T08:22:42","modified_gmt":"2023-08-31T05:22:42","slug":"kasutustingimused-ja-privaatsuspoliitika","status":"publish","type":"page","link":"https:\/\/test.parallel-ideas.ee\/et\/kasutustingimused-ja-privaatsuspoliitika\/","title":{"rendered":"Kasutustingimused ja Privaatsuspoliitika"},"content":{"rendered":"<p>[et_pb_section fb_built=&#8221;1&#8243; admin_label=&#8221;where to use&#8221; module_id=&#8221;quadrant-display&#8221; _builder_version=&#8221;4.16&#8243; _module_preset=&#8221;default&#8221; min_height=&#8221;123.2px&#8221; custom_padding=&#8221;54px||0px||false|&#8221; global_colors_info=&#8221;{}&#8221;][et_pb_row _builder_version=&#8221;4.16&#8243; _module_preset=&#8221;default&#8221; custom_margin=&#8221;-18px|auto||auto||&#8221; custom_padding=&#8221;||0px||false|false&#8221; global_colors_info=&#8221;{}&#8221;][et_pb_column type=&#8221;4_4&#8243; _builder_version=&#8221;4.16&#8243; _module_preset=&#8221;default&#8221; global_colors_info=&#8221;{}&#8221;][et_pb_text _builder_version=&#8221;4.16&#8243; _module_preset=&#8221;default&#8221; header_3_font=&#8221;|300|||||||&#8221; header_3_font_size=&#8221;30px&#8221; global_colors_info=&#8221;{}&#8221;]<\/p>\n<h3><a href=\"https:\/\/rollupmaster.parallel-ideas.ee\/term-of-use-privacy-policy\/\">Kasutustingimused ja Privaatsuspoliitika<\/a><\/h3>\n<p>[\/et_pb_text][\/et_pb_column][\/et_pb_row][\/et_pb_section][et_pb_section fb_built=&#8221;1&#8243; module_id=&#8221;natural-block&#8221; _builder_version=&#8221;4.16&#8243; _module_preset=&#8221;default&#8221; custom_padding=&#8221;0px||0px|||&#8221; global_colors_info=&#8221;{}&#8221;][et_pb_row use_custom_gutter=&#8221;on&#8221; gutter_width=&#8221;1&#8243; make_equal=&#8221;on&#8221; _builder_version=&#8221;4.16&#8243; _module_preset=&#8221;default&#8221; width=&#8221;100%&#8221; max_width=&#8221;2560px&#8221; custom_margin=&#8221;|auto|-75px|auto||&#8221; custom_padding=&#8221;0px||0px|||&#8221; global_colors_info=&#8221;{}&#8221;][et_pb_column type=&#8221;4_4&#8243; _builder_version=&#8221;4.16&#8243; _module_preset=&#8221;default&#8221; global_colors_info=&#8221;{}&#8221;][et_pb_text _builder_version=&#8221;4.22.1&#8243; _module_preset=&#8221;default&#8221; text_font=&#8221;|300|||||||&#8221; text_text_color=&#8221;#000000&#8243; text_font_size=&#8221;14px&#8221; text_line_height=&#8221;1.6em&#8221; header_4_font_size=&#8221;25px&#8221; transform_translate=&#8221;119px|-32px&#8221; z_index=&#8221;0&#8243; max_width=&#8221;90%&#8221; custom_margin=&#8221;||18px|||&#8221; custom_padding=&#8221;35px|35px||35px|false|true&#8221; hover_enabled=&#8221;0&#8243; global_colors_info=&#8221;{}&#8221; sticky_enabled=&#8221;0&#8243;]<\/p>\n<p>Seda veebisaiti kasutades te n\u00f5ustute selle privaatsuspoliitika tingimustega. N\u00f5ustute andmete kogumise, edastamise, k\u00e4sitlemise, s\u00e4ilitamise, avalikustamise ja muude teie teabe kasutusviisidega, nagu on kirjeldatud k\u00e4esolevas Privaatsuspoliitikas.<\/p>\n<p>Rollup Master omanik on PARALLEL IDEAS O\u00dc, registrikood number: 1176704, Tallinn, Veerenni 24c, 10135,Estonia j\u00e4tab endale \u00f5iguse muuta v\u00f5i t\u00e4iendada k\u00e4esolevat poliitikat igal ajal, kuid kui see on vajalik, teavitab teid k\u00f5igist olulistest muudatustest, avaldades need muudatused veebilehel. Poliitika iga versioon on lehe allosas tuvastatud selle j\u00f5ustumiskuup\u00e4eva j\u00e4rgi. Veebisaidi j\u00e4tkuv kasutamine v\u00f5i juurdep\u00e4\u00e4s sellele p\u00e4rast muudatuste postitamist t\u00e4hendab nende muudatustega n\u00f5ustumist. Palun \u00e4rge kasutage seda veebilehte, kui te ei n\u00f5ustu nimetatud tingimustega.<\/p>\n<p>Teie vastutate esitatud teabe sisu eest ja peate tagama, et see on seaduslik, aus, t\u00f5ene, t\u00e4pne ja mitte mingil viisil eksitav. Peate tagama, et teie esitatud teave ei riku \u00fchegi kolmanda isiku \u00f5igusi (sealhulgas, ilma piiranguteta, konfidentsiaalsus\u00f5igusi) ega ole sellise kolmanda isiku poolt muul viisil \u00f5iguslikult vaidlustatav.<\/p>\n<p>Saidi kasutamine on t\u00e4iesti vabatahtlik. Esitatud teabe esitamine ei kehtesta \u00fchtegi kohustust, mida pole selles poliitikas loetletud.<\/p>\n<p>Kogutud e-posti aadresse kasutame ainult nende klientide ja k\u00fclastajate jaoks, kes on vabatahtlikult n\u00f5us saama meilt sellist reklaammaterjali, v\u00f5i selleks, et saata teavet klientide tehingute kohta. Teie e-posti aadressi ei m\u00fc\u00fcda ega jagata kunagi turunduslikel eesm\u00e4rkidel.<\/p>\n<p>Kui te eelistate selliseid e-kirju mitte saada, kl\u00f5psake palun e-kirjade allosas olevale tellimuse t\u00fchistamise lingile.<\/p>\n<p><strong>K\u00fcpsised.<\/strong><br \/>K\u00fcpsis on v\u00e4ike tekstifail, mille veebileht salvestab k\u00fclastaja arvuti k\u00f5vakettale. K\u00fcpsiseid v\u00f5idakse kasutada j\u00e4rgmistel eesm\u00e4rkidel: (1) teatud funktsioonide lubamiseks; (2) anal\u00fc\u00fcsi pakkumiseks; (3) teie eelistuste salvestamiseks; ja (4) reklaamide edastamise ja k\u00e4itumusliku reklaami lubamiseks.<\/p>\n<p>K\u00fcpsised v\u00f5ivad olla kas seansik\u00fcpsised v\u00f5i p\u00fcsik\u00fcpsised. Seansik\u00fcpsis aegub automaatselt, kui sulgete oma brauseri. P\u00fcsik\u00fcpsis j\u00e4\u00e4b alles, kuni see aegub v\u00f5i te kustutate oma k\u00fcpsised. Aegumiskuup\u00e4evad on m\u00e4\u00e4ratud k\u00fcpsistes endis; m\u00f5ned k\u00fcpsised v\u00f5ivad aeguda m\u00f5ne minuti p\u00e4rast, teised aga mitme aasta p\u00e4rast. Veebilehe omaniku seatud k\u00fcpsiseid nimetatakse &#8220;esimese osapoole k\u00fcpsisteks&#8221;. Muude osapoolte kui veebisaidi omaniku seatud k\u00fcpsiseid nimetatakse &#8220;kolmanda osapoole k\u00fcpsisteks&#8221;.<\/p>\n<p>Sait kasutab k\u00fcpsiseid, mille on m\u00e4\u00e4ranud meie v\u00f5i meie kolmanda osapoole teenused. V\u00f5ite oma brauseri l\u00e4htestada, et keelduda k\u00fcpsistest v\u00f5i n\u00e4idata, millal k\u00fcpsis saadetakse. Kuid m\u00f5ned saidi funktsioonid v\u00f5i teenused ei pruugi k\u00fcpsiseid lubamata korralikult t\u00f6\u00f6tada. Me v\u00f5ime kasutada ka t\u00e4iendavaid tehnoloogiaid, nagu Google Analytics, et aidata j\u00e4lgida kasutajate tegevust ja eelistusi.<\/p>\n<p>Veebisaidi kaudu v\u00f5idakse teilt automaatselt vastu v\u00f5tta ja\/v\u00f5i koguda j\u00e4rgmist teavet: IP-aadress, brauseri t\u00fc\u00fcp, brauseri keel, Interneti-teenuse pakkuja (ISP), taotletud ressurss, ressursitaotluse kuup\u00e4ev ja kellaaeg ning HTTP-le viitav ressurss (kui brauser seda pakub), operatsioonis\u00fcsteem ja\/v\u00f5i klikivoo andmed. Me koondame need andmed ja v\u00f5ime neid andmeid kombineerida muu teie kohta kogutud teabega, et paremini m\u00f5ista, kuidas k\u00fclastajad meie saiti kasutavad, parandada kasutajakogemust ning aidata hallata, hooldada ja teatada meie veebisaidi kasutamisest. Samuti salvestame IP-aadresse pettuste avastamise ja ennetamise eesm\u00e4rgil.<\/p>\n<p><strong>K\u00e4itumuslik Reklaam \/ Uuesti Sihtimine.<\/strong><br \/>Teeme koost\u00f6\u00f6d kolmandate osapooltega, et kuvada oma reklaami teistel saitidel. Meie kolmandatest osapooltest partnerid v\u00f5ivad kasutada selliseid tehnoloogiaid nagu k\u00fcpsised, et koguda teavet teie tegevuse kohta meie saidil ja muudel saitidel, et pakkuda teile reklaami, mis p\u00f5hineb teie sirvimistegevustel ja huvidel. Kui te ei soovi, et seda teavet kasutataks teie huvip\u00f5histe reklaamide edastamiseks, saate sellest loobuda, kl\u00f5psates siin). Pange t\u00e4hele, et see ei v\u00e4lista teile reklaami edastamist. Saate j\u00e4tkuvalt \u00fcldisi reklaame v\u00f5rgus v\u00f5i oma seadmes.<\/p>\n<p><strong>Sotsiaalmeedia.<\/strong><br \/>Sait sisaldab sotsiaalmeedia funktsioone ja linke ning v\u00f5ib sisselogimiseks kasutada sotsiaalmeedia rakenduste programmeerimise liideseid (&#8220;API-sid&#8221;). Suhtlusv\u00f5rgustik v\u00f5ib koguda teie kohta teatud teavet. Vaadake kohaldatava suhtlusv\u00f5rgustiku privaatsuseeskirju, et saada lisateavet selle kohta, kuidas need suhtlusv\u00f5rgud teie isiklikke andmeid jagavad, millised tavad v\u00f5ivad meie omast erineda.<\/p>\n<p><strong>Teabe kogumise, t\u00f6\u00f6tlemise ja\/v\u00f5i kasutamise eesm\u00e4rgid.<\/strong><br \/>Me kasutame teavet, et pakkuda teile parimat kogemust ja vajadusel hallata meie ettev\u00f5tet. Me kasutame teie andmeid j\u00e4rgmistel viisidel:<br \/>Pakkuda teile saidi funktsionaalsust;<br \/>Ettev\u00f5tete juhtimine ja haldamine;<br \/>Pakkuda klienditeenindust ja \/ v\u00f5i turustada tooteid v\u00f5i teenuseid;<br \/>Viia l\u00e4bi uuringuid ja teha anal\u00fc\u00fcse, et m\u00f5\u00f5ta, s\u00e4ilitada, kaitsta, arendada ja parandada meie tooteid v\u00f5i teenuseid;<br \/>Hallata, t\u00e4iustada ja suhelda teiega ettev\u00f5tte s\u00fcndmuste, turunduse ja reklaami osas;<br \/>Tehke vajalik suhtlus, et teavitada teid tellimuste kinnitustest, toodetest, teenustest, turu-uuringutest, taotlustest, turundusest, turvalisusest, privaatsusest ja haldusk\u00fcsimustest.<\/p>\n<p><strong>Teabe s\u00e4ilitamine.<\/strong><br \/>S\u00e4ilitame teavet nii kaua kui vaja ja vastavalt kehtivatele seadustele. S\u00e4ilitame ja kasutame teavet vastavalt vajadusele seni, kuni teie konto on aktiivne, see oli m\u00f5istlikult kasulik \u00e4rilistel eesm\u00e4rkidel ja \/ v\u00f5i meie juriidiliste kohustuste t\u00e4itmiseks, vaidluste lahendamiseks ja meie lepingute j\u00f5ustamiseks.<\/p>\n<p><strong>Teabe jagamine.<\/strong><br \/>Me v\u00f5ime jagada teavet j\u00e4rgmiselt v\u00f5i teisiti kirjeldatud selles poliitikas:<\/p>\n<p>Tarnijate, \u00e4ripartnerite, konsultantide ja muude teenusepakkujate, t\u00fctarettev\u00f5tete ja sidusettev\u00f5tetega, kes vajavad juurdep\u00e4\u00e4su sellisele teabele, et teha meie nimel t\u00f6\u00f6d, mis on seotud saidiga: veebisaidi haldamine\/hostimine v\u00f5i infotehnoloogia n\u00f5ustamisteenused; veebisaidi haldamine; andmete anal\u00fc\u00fcs; pettuste kaitse; toote kohandamine; Klienditeenindus, Turundus ja tutvustused; andmete puhastamine (vajaduse korral); \u00d5igusteenused; ning muud haldus-ja varundus-ja turvateenused. Nendel kolmandatel osapooltel ei ole \u00f5igust kasutada meie poolt neile antud teavet mis tahes viisil, mis ei ole meie poolt lubatud v\u00f5i muul viisil avaldatud nende privaatsuseeskirjades.<br \/>Vastuseks teaben\u00f5udele, kui avalikustamine on n\u00f5utav vastavalt mis tahes kohaldatavale seadusele, m\u00e4\u00e4rusele v\u00f5i kohtumenetlusele v\u00f5i kui see on muul viisil n\u00f5utav v\u00f5i lubatud mis tahes kohaldatava seaduse, reegli v\u00f5i m\u00e4\u00e4rusega.<br \/>T\u00e4ita mis tahes juriidilist kohustust.<br \/>Ettev\u00f5tte ja teiste \u00f5iguste, vara v\u00f5i turvalisuse kaitsmiseks ja \/ v\u00f5i pettuste uurimiseks.<br \/>Teiste isikutega teie n\u00f5usolekul v\u00f5i teie korraldusel, sealhulgas juhul, kui me teatame teile, et teie esitatud teavet jagatakse teatud viisil, ja te annate sellise teabe.<\/p>\n<p><strong>Teabe salvestamine.<\/strong><\/p>\n<p>Kogu teave, v\u00e4lja arvatud e-posti, krediitkaardiandmed ja sotsiaalmeediasse sisselogimine, salvestatakse andmebaasides ja\/v\u00f5i serverites, mida haldab meie ettev\u00f5te.<\/p>\n<p>E-posti teave on salvestatud andmebaasidesse ja \/ v\u00f5i serveritesse, mida haldab meie ettev\u00f5te.<\/p>\n<p>Krediitkaardi andmed ei salvestata t\u00f6\u00f6deldud ja salvestatud meie makse t\u00f6\u00f6tlejad.<\/p>\n<p><strong>Turvalisus.<\/strong><br \/>Ettev\u00f5te v\u00f5tab teabe turvamiseks asjakohaseid turvameetmeid. N\u00e4iteks on juurdep\u00e4\u00e4s andmebaasidele parooliga kaitstud ja piiratud tehniliste kasutajatega, kellel on volitatud volitused ja t\u00f6\u00f6tajad teadmisvajaduse alusel. Pange t\u00e4hele, et teabe edastamine interneti kaudu ei ole t\u00e4iesti turvaline. Kuigi anname endast parima, et teavet kaitsta, ei saa me tagada saidi kaudu edastatava teabe turvalisust.<\/p>\n<p><strong>Vanusepiirangud.<\/strong><br \/>Alla 18-aastastel isikutel ei ole lubatud saiti kasutada ilma vanema v\u00f5i seadusliku eestkostja j\u00e4relevalveta.<\/p>\n<p><strong>Link teistele veebilehtedele.<\/strong><br \/>Sait v\u00f5ib sisaldada linke teistele huvipakkuvatele veebisaitidele. Kui olete neid linke meie saidilt lahkumiseks kasutanud, peaksite arvestama, et meil pole mingit kontrolli teiste veebisaitide \u00fcle. Seet\u00f5ttu ei vastuta me selliste muude veebisaitide k\u00fclastamise ajal esitatud teabe kaitse ja privaatsuse eest ning selliseid saite ei reguleeri see poliitika. Peaksite olema ettevaatlik ja tutvuma k\u00f5nealuse veebisaidi suhtes kohaldatava Privaatsuspoliitikaga.<\/p>\n<p>Viimane uuendus &#8211; 1. veebruar 2021.<\/p>\n<p>K\u00e4esoleva poliitikaga seotud k\u00fcsimused ja taotlused v\u00f5ib saata allpool esitatud postiaadressile v\u00f5i e-posti aadressile address:<a href=\"mailto:info@test.parallel-ideas.ee\">info@test.parallel-ideas.ee<\/a>.<\/p>\n<p>&nbsp;<\/p>\n<p>&nbsp;<\/p>\n<p>[\/et_pb_text][\/et_pb_column][\/et_pb_row][\/et_pb_section]<\/p>\n","protected":false},"excerpt":{"rendered":"<p>Kasutustingimused ja PrivaatsuspoliitikaSeda veebisaiti kasutades te n\u00f5ustute selle privaatsuspoliitika tingimustega. N\u00f5ustute andmete kogumise, edastamise, k\u00e4sitlemise, s\u00e4ilitamise, avalikustamise ja muude teie teabe kasutusviisidega, nagu on kirjeldatud k\u00e4esolevas Privaatsuspoliitikas. Rollup Master omanik on PARALLEL IDEAS O\u00dc, registrikood number: 1176704, Tallinn, Veerenni 24c, 10135,Estonia j\u00e4tab endale \u00f5iguse muuta v\u00f5i t\u00e4iendada k\u00e4esolevat poliitikat igal ajal, kuid kui see on [&hellip;]<\/p>\n","protected":false},"author":1,"featured_media":0,"parent":0,"menu_order":0,"comment_status":"closed","ping_status":"open","template":"","meta":{"_et_pb_use_builder":"on","_et_pb_old_content":"","_et_gb_content_width":"","inline_featured_image":false,"footnotes":""},"class_list":["post-1993","page","type-page","status-publish","hentry"],"aioseo_notices":[],"_links":{"self":[{"href":"https:\/\/test.parallel-ideas.ee\/et\/wp-json\/wp\/v2\/pages\/1993","targetHints":{"allow":["GET"]}}],"collection":[{"href":"https:\/\/test.parallel-ideas.ee\/et\/wp-json\/wp\/v2\/pages"}],"about":[{"href":"https:\/\/test.parallel-ideas.ee\/et\/wp-json\/wp\/v2\/types\/page"}],"author":[{"embeddable":true,"href":"https:\/\/test.parallel-ideas.ee\/et\/wp-json\/wp\/v2\/users\/1"}],"replies":[{"embeddable":true,"href":"https:\/\/test.parallel-ideas.ee\/et\/wp-json\/wp\/v2\/comments?post=1993"}],"version-history":[{"count":4,"href":"https:\/\/test.parallel-ideas.ee\/et\/wp-json\/wp\/v2\/pages\/1993\/revisions"}],"predecessor-version":[{"id":30494,"href":"https:\/\/test.parallel-ideas.ee\/et\/wp-json\/wp\/v2\/pages\/1993\/revisions\/30494"}],"wp:attachment":[{"href":"https:\/\/test.parallel-ideas.ee\/et\/wp-json\/wp\/v2\/media?parent=1993"}],"curies":[{"name":"wp","href":"https:\/\/api.w.org\/{rel}","templated":true}]}}