{"id":1939,"date":"2022-11-08T12:56:07","date_gmt":"2022-11-08T09:56:07","guid":{"rendered":"https:\/\/test.parallel-ideas.ee\/votke-meiega-uhendust\/"},"modified":"2023-12-04T16:20:38","modified_gmt":"2023-12-04T13:20:38","slug":"kontakt","status":"publish","type":"page","link":"https:\/\/test.parallel-ideas.ee\/et\/kontakt\/","title":{"rendered":"Kontakt"},"content":{"rendered":"<p>[et_pb_section fb_built=&#8221;1&#8243; _builder_version=&#8221;4.16&#8243; _module_preset=&#8221;default&#8221; global_colors_info=&#8221;{}&#8221;][et_pb_row _builder_version=&#8221;4.16&#8243; _module_preset=&#8221;default&#8221; custom_margin=&#8221;-18px|auto||auto||&#8221; custom_padding=&#8221;||0px||false|false&#8221; global_colors_info=&#8221;{}&#8221;][et_pb_column type=&#8221;4_4&#8243; _builder_version=&#8221;4.16&#8243; _module_preset=&#8221;default&#8221; global_colors_info=&#8221;{}&#8221;][et_pb_text _builder_version=&#8221;4.16&#8243; _module_preset=&#8221;default&#8221; header_3_font=&#8221;|300|||||||&#8221; header_3_font_size=&#8221;30px&#8221; global_colors_info=&#8221;{}&#8221;]<\/p>\n<h3>Oleme Teie jaoks olemas, \u00e4rge kahelge)<\/h3>\n<p>[\/et_pb_text][\/et_pb_column][\/et_pb_row][et_pb_row column_structure=&#8221;1_2,1_2&#8243; _builder_version=&#8221;4.16&#8243; _module_preset=&#8221;default&#8221; global_colors_info=&#8221;{}&#8221;][et_pb_column type=&#8221;1_2&#8243; _builder_version=&#8221;4.16&#8243; _module_preset=&#8221;default&#8221; global_colors_info=&#8221;{}&#8221;][et_pb_text _builder_version=&#8221;4.23.1&#8243; _module_preset=&#8221;default&#8221; hover_enabled=&#8221;0&#8243; global_colors_info=&#8221;{}&#8221; text_font_size=&#8221;14px&#8221; sticky_enabled=&#8221;0&#8243;]<\/p>\n<p><strong><span style=\"color: #c5310d;\">Rollup<\/span> Master<br \/><\/strong><br \/>Tegutsev ettev\u00f5te: PARALLEL IDEAS O\u00dc<br \/>Reg. number: 11767041<\/p>\n<p>Aadress: Peterburi tee 90a\/2, boks 5, 11415, Tallinn<br \/><span style=\"color: #c5310d;\"><strong>M\u00e4rkus.<\/strong> K\u00fclastage ainult ettetellimisel<\/span> <\/p>\n<p>Tel: <a href=\"tel:+3726027214\">+372 602-72-14<\/a><br \/>e-post: <a href=\"mailto: info@test.parallel-ideas.ee\"> info@rollupmaster .ee<\/a><\/p>\n<p>[\/et_pb_text][\/et_pb_column][et_pb_column type=&#8221;1_2&#8243; _builder_version=&#8221;4.16&#8243; _module_preset=&#8221;default&#8221; global_colors_info=&#8221;{}&#8221;][et_pb_contact_form email=&#8221;info@test.parallel-ideas.ee&#8221; custom_message=&#8221;Name:%%Name%%||et_pb_line_break_holder||Phone:%%phone%%||et_pb_line_break_holder||Email:%%Email%%||et_pb_line_break_holder||Company:%%Company%%||et_pb_line_break_holder||Message:%%Message%%&#8221; success_message=&#8221;Ait\u00e4h! Teie s\u00f5num on saadetud! V\u00f5tame teiega \u00fchendust \u00fche t\u00f6\u00f6p\u00e4eva jooksul p\u00e4rast teie kirja saamist.&#8221; submit_button_text=&#8221;Saada oma s\u00f5num&#8221; _builder_version=&#8221;4.19.0&#8243; _module_preset=&#8221;default&#8221; _unique_id=&#8221;aa1724bd-4b85-4c66-8934-417b14358de9&#8243; background_enable_color=&#8221;off&#8221; global_colors_info=&#8221;{}&#8221;][et_pb_contact_field field_id=&#8221;Name&#8221; field_title=&#8221;Nimi&#8221; _builder_version=&#8221;4.16&#8243; global_colors_info=&#8221;{}&#8221; button_text_size__hover_enabled=&#8221;off&#8221; button_one_text_size__hover_enabled=&#8221;off&#8221; button_two_text_size__hover_enabled=&#8221;off&#8221; button_text_color__hover_enabled=&#8221;off&#8221; button_one_text_color__hover_enabled=&#8221;off&#8221; button_two_text_color__hover_enabled=&#8221;off&#8221; button_border_width__hover_enabled=&#8221;off&#8221; button_one_border_width__hover_enabled=&#8221;off&#8221; button_two_border_width__hover_enabled=&#8221;off&#8221; button_border_color__hover_enabled=&#8221;off&#8221; button_one_border_color__hover_enabled=&#8221;off&#8221; button_two_border_color__hover_enabled=&#8221;off&#8221; button_border_radius__hover_enabled=&#8221;off&#8221; button_one_border_radius__hover_enabled=&#8221;off&#8221; button_two_border_radius__hover_enabled=&#8221;off&#8221; button_letter_spacing__hover_enabled=&#8221;off&#8221; button_one_letter_spacing__hover_enabled=&#8221;off&#8221; button_two_letter_spacing__hover_enabled=&#8221;off&#8221; button_bg_color__hover_enabled=&#8221;off&#8221; button_one_bg_color__hover_enabled=&#8221;off&#8221; button_two_bg_color__hover_enabled=&#8221;off&#8221;][\/et_pb_contact_field][et_pb_contact_field field_id=&#8221;Phone&#8221; field_title=&#8221;Telefoninumber&#8221; _builder_version=&#8221;4.16&#8243; background_enable_color=&#8221;off&#8221; global_colors_info=&#8221;{}&#8221; button_text_size__hover_enabled=&#8221;off&#8221; button_one_text_size__hover_enabled=&#8221;off&#8221; button_two_text_size__hover_enabled=&#8221;off&#8221; button_text_color__hover_enabled=&#8221;off&#8221; button_one_text_color__hover_enabled=&#8221;off&#8221; button_two_text_color__hover_enabled=&#8221;off&#8221; button_border_width__hover_enabled=&#8221;off&#8221; button_one_border_width__hover_enabled=&#8221;off&#8221; button_two_border_width__hover_enabled=&#8221;off&#8221; button_border_color__hover_enabled=&#8221;off&#8221; button_one_border_color__hover_enabled=&#8221;off&#8221; button_two_border_color__hover_enabled=&#8221;off&#8221; button_border_radius__hover_enabled=&#8221;off&#8221; button_one_border_radius__hover_enabled=&#8221;off&#8221; button_two_border_radius__hover_enabled=&#8221;off&#8221; button_letter_spacing__hover_enabled=&#8221;off&#8221; button_one_letter_spacing__hover_enabled=&#8221;off&#8221; button_two_letter_spacing__hover_enabled=&#8221;off&#8221; button_bg_color__hover_enabled=&#8221;off&#8221; button_one_bg_color__hover_enabled=&#8221;off&#8221; button_two_bg_color__hover_enabled=&#8221;off&#8221;][\/et_pb_contact_field][et_pb_contact_field field_id=&#8221;Company&#8221; field_title=&#8221;Ettev\u00f5te&#8221; required_mark=&#8221;off&#8221; _builder_version=&#8221;4.16&#8243; background_enable_color=&#8221;off&#8221; global_colors_info=&#8221;{}&#8221; button_text_size__hover_enabled=&#8221;off&#8221; button_one_text_size__hover_enabled=&#8221;off&#8221; button_two_text_size__hover_enabled=&#8221;off&#8221; button_text_color__hover_enabled=&#8221;off&#8221; button_one_text_color__hover_enabled=&#8221;off&#8221; button_two_text_color__hover_enabled=&#8221;off&#8221; button_border_width__hover_enabled=&#8221;off&#8221; button_one_border_width__hover_enabled=&#8221;off&#8221; button_two_border_width__hover_enabled=&#8221;off&#8221; button_border_color__hover_enabled=&#8221;off&#8221; button_one_border_color__hover_enabled=&#8221;off&#8221; button_two_border_color__hover_enabled=&#8221;off&#8221; button_border_radius__hover_enabled=&#8221;off&#8221; button_one_border_radius__hover_enabled=&#8221;off&#8221; button_two_border_radius__hover_enabled=&#8221;off&#8221; button_letter_spacing__hover_enabled=&#8221;off&#8221; button_one_letter_spacing__hover_enabled=&#8221;off&#8221; button_two_letter_spacing__hover_enabled=&#8221;off&#8221; button_bg_color__hover_enabled=&#8221;off&#8221; button_one_bg_color__hover_enabled=&#8221;off&#8221; button_two_bg_color__hover_enabled=&#8221;off&#8221;][\/et_pb_contact_field][et_pb_contact_field field_id=&#8221;Email&#8221; field_title=&#8221;E-maili aadress&#8221; field_type=&#8221;email&#8221; _builder_version=&#8221;4.19.0&#8243; global_colors_info=&#8221;{}&#8221; button_text_size__hover_enabled=&#8221;off&#8221; button_one_text_size__hover_enabled=&#8221;off&#8221; button_two_text_size__hover_enabled=&#8221;off&#8221; button_text_color__hover_enabled=&#8221;off&#8221; button_one_text_color__hover_enabled=&#8221;off&#8221; button_two_text_color__hover_enabled=&#8221;off&#8221; button_border_width__hover_enabled=&#8221;off&#8221; button_one_border_width__hover_enabled=&#8221;off&#8221; button_two_border_width__hover_enabled=&#8221;off&#8221; button_border_color__hover_enabled=&#8221;off&#8221; button_one_border_color__hover_enabled=&#8221;off&#8221; button_two_border_color__hover_enabled=&#8221;off&#8221; button_border_radius__hover_enabled=&#8221;off&#8221; button_one_border_radius__hover_enabled=&#8221;off&#8221; button_two_border_radius__hover_enabled=&#8221;off&#8221; button_letter_spacing__hover_enabled=&#8221;off&#8221; button_one_letter_spacing__hover_enabled=&#8221;off&#8221; button_two_letter_spacing__hover_enabled=&#8221;off&#8221; button_bg_color__hover_enabled=&#8221;off&#8221; button_one_bg_color__hover_enabled=&#8221;off&#8221; button_two_bg_color__hover_enabled=&#8221;off&#8221;][\/et_pb_contact_field][et_pb_contact_field field_id=&#8221;Message&#8221; field_title=&#8221;S\u00f5num&#8221; field_type=&#8221;text&#8221; fullwidth_field=&#8221;on&#8221; _builder_version=&#8221;4.16&#8243; global_colors_info=&#8221;{}&#8221; button_text_size__hover_enabled=&#8221;off&#8221; button_one_text_size__hover_enabled=&#8221;off&#8221; button_two_text_size__hover_enabled=&#8221;off&#8221; button_text_color__hover_enabled=&#8221;off&#8221; button_one_text_color__hover_enabled=&#8221;off&#8221; button_two_text_color__hover_enabled=&#8221;off&#8221; button_border_width__hover_enabled=&#8221;off&#8221; button_one_border_width__hover_enabled=&#8221;off&#8221; button_two_border_width__hover_enabled=&#8221;off&#8221; button_border_color__hover_enabled=&#8221;off&#8221; button_one_border_color__hover_enabled=&#8221;off&#8221; button_two_border_color__hover_enabled=&#8221;off&#8221; button_border_radius__hover_enabled=&#8221;off&#8221; button_one_border_radius__hover_enabled=&#8221;off&#8221; button_two_border_radius__hover_enabled=&#8221;off&#8221; button_letter_spacing__hover_enabled=&#8221;off&#8221; button_one_letter_spacing__hover_enabled=&#8221;off&#8221; button_two_letter_spacing__hover_enabled=&#8221;off&#8221; button_bg_color__hover_enabled=&#8221;off&#8221; button_one_bg_color__hover_enabled=&#8221;off&#8221; button_two_bg_color__hover_enabled=&#8221;off&#8221;][\/et_pb_contact_field][\/et_pb_contact_form][\/et_pb_column][\/et_pb_row][et_pb_row _builder_version=&#8221;4.21.0&#8243; _module_preset=&#8221;default&#8221; global_colors_info=&#8221;{}&#8221;][et_pb_column type=&#8221;4_4&#8243; _builder_version=&#8221;4.21.0&#8243; _module_preset=&#8221;default&#8221; global_colors_info=&#8221;{}&#8221;][et_pb_code _builder_version=&#8221;4.21.0&#8243; _module_preset=&#8221;default&#8221; global_colors_info=&#8221;{}&#8221;]<\/p>\n<div style=\"text-decoration:none; overflow:hidden;max-width:100%;width:100%;height:300px;\">\n<div id=\"g-mapdisplay\" style=\"height:100%; width:100%;\"><iframe style=\"height:100%;width:100%;border:0;\" frameborder=\"0\" src=\"https:\/\/www.google.com\/maps\/embed\/v1\/place?q=Peterburi+tee+90a,+Tallinn,+Estonia&amp;key=AIzaSyBFw0Qbyq9zTFTd-tUY6dZWTgaQzuU17R8\"><\/iframe><\/div>\n<p><a class=\"google-map-html\" href=\"https:\/\/www.bootstrapskins.com\/themes\" id=\"make-map-infor-mation\">premium bootstrap themes<\/a><\/p>\n<style>#g-mapdisplay img{max-width:none!important;background:none!important;font-size: inherit;font-weight:inherit;}<\/style>\n<\/div>\n<p>[\/et_pb_code][\/et_pb_column][\/et_pb_row][et_pb_row _builder_version=&#8221;4.16&#8243; _module_preset=&#8221;default&#8221; custom_margin=&#8221;-18px|auto||auto||&#8221; custom_padding=&#8221;||0px||false|false&#8221; global_colors_info=&#8221;{}&#8221;][et_pb_column type=&#8221;4_4&#8243; _builder_version=&#8221;4.16&#8243; _module_preset=&#8221;default&#8221; global_colors_info=&#8221;{}&#8221;][et_pb_text _builder_version=&#8221;4.16&#8243; _module_preset=&#8221;default&#8221; header_3_font=&#8221;|300|||||||&#8221; header_3_font_size=&#8221;30px&#8221; global_colors_info=&#8221;{}&#8221;]<\/p>\n<h3>Korduma Kippuvad K\u00fcsimused<\/h3>\n<p>[\/et_pb_text][\/et_pb_column][\/et_pb_row][et_pb_row _builder_version=&#8221;4.16&#8243; _module_preset=&#8221;default&#8221; global_colors_info=&#8221;{}&#8221;][et_pb_column type=&#8221;4_4&#8243; _builder_version=&#8221;4.16&#8243; _module_preset=&#8221;default&#8221; global_colors_info=&#8221;{}&#8221;][et_pb_accordion _builder_version=&#8221;4.18.1&#8243; _module_preset=&#8221;default&#8221; global_colors_info=&#8221;{}&#8221;][et_pb_accordion_item title=&#8221;Milliseid tooteid ja teenuseid te pakute?&#8221; open=&#8221;on&#8221; _builder_version=&#8221;4.16&#8243; _module_preset=&#8221;default&#8221; global_colors_info=&#8221;{}&#8221;]<\/p>\n<p>Hea k\u00fcsimus! Oleme t\u00e4isteenust pakkuv tr\u00fckikoda, mis on spetsialiseerunud visuaalsele meediale ja pakub laia Roll-ups kogumikke ja teenuseid, mis toetavad t\u00e4ists\u00fckli tootmist. Et n\u00e4ha t\u00e4ielikku nimekirja ja kirjeldust selle kohta, mida saame teile pakkuda, vaadake meie veebisaidi <a href=\"\/roll-up-catalog\/\">kataloogi<\/a>.<\/p>\n<p>[\/et_pb_accordion_item][et_pb_accordion_item title=&#8221;Mis on teie telefoninumber ja t\u00f6\u00f6aeg?&#8221; _builder_version=&#8221;4.18.1&#8243; _module_preset=&#8221;default&#8221; global_colors_info=&#8221;{}&#8221; open=&#8221;off&#8221;]<\/p>\n<p>V\u00f5ite helistada meile Rollup Master tel: + 372 582-299-48 v\u00f5i + 372 602-72-14 alates 9am et 5pm EST esmasp\u00e4evast reedeni. V\u00f5ite saata e-kirja igal ajal info@test.parallel-ideas.ee<\/p>\n<p>[\/et_pb_accordion_item][et_pb_accordion_item title=&#8221;Milliseid Roll-up suurusi Rollup Master pakub?&#8221; _builder_version=&#8221;4.16&#8243; _module_preset=&#8221;default&#8221; global_colors_info=&#8221;{}&#8221; open=&#8221;off&#8221;]Meil on 4 t\u00fc\u00fcpi aluseid, \u00fcks k\u00fclg, kaks k\u00fclge, Lux-alused ja X-b\u00e4nneri alused, millel on j\u00e4rgmised suurused:<br \/>\n60 x 160 cm<br \/>\n80 x 180 cm<br \/>\n80 x 200 cm<br \/>\n85 x 200 cm<br \/>\n100 x 200 cm<br \/>\n120 x 200 cm<br \/>\n150 x 200 cm<br \/>\n200 x 200 cm[\/et_pb_accordion_item][et_pb_accordion_item title=&#8221;Mul pole faili, kuid ma tahan midagi printida &#8211; mida ma pean tegema?&#8221; _builder_version=&#8221;4.16&#8243; _module_preset=&#8221;default&#8221; global_colors_info=&#8221;{}&#8221; open=&#8221;off&#8221;]See pole probleem! Meie k\u00f5rgelt kvalifitseeritud graafiliste disainerite meeskond on siin, et aidata teie visiooni reaalsuseks muuta. Pakume teile erinevaid disainikontseptsioone, teeme v\u00e4rskendusi, kuni saate soovitud tulemused. Alustamiseks v\u00f5tke meiega \u00fchendust juba t\u00e4na![\/et_pb_accordion_item][et_pb_accordion_item title=&#8221;Millist failivormingut peaksin printimiseks kujunduse esitamisel kasutama?&#8221; _builder_version=&#8221;4.16&#8243; _module_preset=&#8221;default&#8221; global_colors_info=&#8221;{}&#8221; open=&#8221;off&#8221;]PDF (Portable Document Format) on k\u00f5ige levinum ja eelistatud failivorming digitaalsete dokumentide esitamiseks.<br \/>\nPalun j\u00e4rgida neid n\u00f5udeid enne kujunduse tr\u00fckki laskmist:<br \/>\n&#8211; PDF vorming<br \/>\n&#8211; Eraldusv\u00f5ime 300 DPI<br \/>\n&#8211; Taane v\u00e4hemalt 3mm<br \/>\n&#8211; Kaugus \u00e4\u00e4rest mitte v\u00e4hem kui 4 mm<br \/>\n&#8211; K\u00f5verad fondid<br \/>\n&#8211; V\u00e4rvimudel CMYK<\/p>\n<p>Kui sinu kujundus ei ole printimiseks valmis, saame tulla appi. <a href=\"\/product\/design-service-file-preparing\/\">Palun tutvu meie kujunduse ettevalmistusteenustega<\/a>.[\/et_pb_accordion_item][et_pb_accordion_item title=&#8221;Kui ma tellimuse esitan, kui kaua v\u00f5tab minu t\u00f6\u00f6 l\u00f5petamine aega?&#8221; _builder_version=&#8221;4.16&#8243; _module_preset=&#8221;default&#8221; global_colors_info=&#8221;{}&#8221; open=&#8221;off&#8221;]Mitme stendi tellimise korral on teie tellimus valmis j\u00e4rgmisel t\u00f6\u00f6p\u00e4eval, kui tellimus esitatakse enne eelmise p\u00e4eva kella 13.00. M\u00f5ne tellimuse t\u00e4itmine v\u00f5ib aga v\u00f5tta mitu p\u00e4eva, s\u00f5ltuvalt nende kogusest ja mis tahes kujundust\u00f6\u00f6de olemasolust. P\u00fc\u00fcame alati anda t\u00e4pse hinnangu iga tehtud t\u00f6\u00f6 t\u00f6\u00f6aja kohta. Ja me t\u00f6\u00f6tame alati koos teiega, et leida v\u00f5imalusi oma projekti l\u00f5puleviimiseks, kui seda vajate.[\/et_pb_accordion_item][et_pb_accordion_item title=&#8221;Miks on Rollup Masteri hinnad taskukohased?&#8221; _builder_version=&#8221;4.16&#8243; _module_preset=&#8221;default&#8221; global_colors_info=&#8221;{}&#8221; open=&#8221;off&#8221;]Rollup Master on v\u00e4lja t\u00f6\u00f6tanud t\u00f5husa l\u00e4henemisviisi klientide vajaduste teenindamiseks ja pakkumiseks.<br \/>\nMe kasutame \u00e4rikontseptsiooni, kus klientide vajadused rahuldatakse veebis ja k\u00f5ik tellimused tehakse meie tr\u00fckikojas, nii et me ei kanna lisakontorite kulusid. See annab kasutamise v\u00f5ime v\u00e4hendada kulusid ja teha taskukohane ja mugav hinnakujundus klientidele.[\/et_pb_accordion_item][et_pb_accordion_item title=&#8221;Kas saate rahuldada meie vajadusi t\u00f6\u00f6 kiireks tegemiseks?&#8221; _builder_version=&#8221;4.16&#8243; _module_preset=&#8221;default&#8221; global_colors_info=&#8221;{}&#8221; open=&#8221;off&#8221;]Digitaalne printimine v\u00f5imaldab kiiremat kiirust ja \u00fcmber p\u00f6\u00f6rata, kuid \u00fcksk\u00f5ik, mida vaja on, Rollup Masteri meeskond on p\u00fchendunud k\u00f5rgetasemelisele klienditeenindusele-nii saame t\u00f6\u00f6 tehtud! Lihtsalt k\u00fcsi seda.[\/et_pb_accordion_item][et_pb_accordion_item title=&#8221;Miks tr\u00fckitud v\u00e4rvid erinevad nendest mida ma n\u00e4en ekraanil?&#8221; _builder_version=&#8221;4.16&#8243; _module_preset=&#8221;default&#8221; global_colors_info=&#8221;{}&#8221; open=&#8221;off&#8221;]L\u00fchidalt \u00f6eldes toodavad printerid ja monitorid v\u00e4rve erineval viisil.<br \/>\nKui me valmistame oma faili p\u00fc\u00fcame saada v\u00f5imalikult l\u00e4hedal soovitud v\u00e4rvi.[\/et_pb_accordion_item][et_pb_accordion_item title=&#8221;Milliseid makseviise te aktsepteerite?&#8221; _builder_version=&#8221;4.16&#8243; _module_preset=&#8221;default&#8221; global_colors_info=&#8221;{}&#8221; open=&#8221;off&#8221;]Aktsepteerime arve tasumist teie ettev\u00f5tte v\u00f5i erasektori pangakontolt, see saadetakse automaatselt teie e-posti aadressile p\u00e4rast tellimuse esitamist veebis v\u00f5i telefoni teel. \u00dcksikasjade saamiseks v\u00f5tke meiega \u00fchendust.<br \/>\nKui maksate v\u00e4lismaalt (v\u00e4ljaspool Balti riike v\u00f5i EL-i tsooni), v\u00f5ib raha laekumine v\u00f5tta rohkem aega kui 1-2 t\u00f6\u00f6p\u00e4eva. Sellisel juhul saatke palun p\u00e4rast tellimuse esitamist oma pangast maksekinnitus, et saaksime kohe alustada tellimuse t\u00e4itmisega.[\/et_pb_accordion_item][\/et_pb_accordion][\/et_pb_column][\/et_pb_row][\/et_pb_section]<\/p>\n","protected":false},"excerpt":{"rendered":"<p>Oleme Teie jaoks olemas, \u00e4rge kahelge)Rollup MasterTegutsev ettev\u00f5te: PARALLEL IDEAS O\u00dcReg. number: 11767041 Aadress: Peterburi tee 90a\/2, boks 5, 11415, TallinnM\u00e4rkus. K\u00fclastage ainult ettetellimisel Tel: +372 602-72-14e-post: info@rollupmaster .eeKorduma Kippuvad K\u00fcsimusedHea k\u00fcsimus! Oleme t\u00e4isteenust pakkuv tr\u00fckikoda, mis on spetsialiseerunud visuaalsele meediale ja pakub laia Roll-ups kogumikke ja teenuseid, mis toetavad t\u00e4ists\u00fckli tootmist. Et n\u00e4ha t\u00e4ielikku [&hellip;]<\/p>\n","protected":false},"author":1,"featured_media":0,"parent":0,"menu_order":0,"comment_status":"closed","ping_status":"open","template":"","meta":{"_et_pb_use_builder":"on","_et_pb_old_content":"","_et_gb_content_width":"","inline_featured_image":false,"footnotes":""},"class_list":["post-1939","page","type-page","status-publish","hentry"],"aioseo_notices":[],"_links":{"self":[{"href":"https:\/\/test.parallel-ideas.ee\/et\/wp-json\/wp\/v2\/pages\/1939","targetHints":{"allow":["GET"]}}],"collection":[{"href":"https:\/\/test.parallel-ideas.ee\/et\/wp-json\/wp\/v2\/pages"}],"about":[{"href":"https:\/\/test.parallel-ideas.ee\/et\/wp-json\/wp\/v2\/types\/page"}],"author":[{"embeddable":true,"href":"https:\/\/test.parallel-ideas.ee\/et\/wp-json\/wp\/v2\/users\/1"}],"replies":[{"embeddable":true,"href":"https:\/\/test.parallel-ideas.ee\/et\/wp-json\/wp\/v2\/comments?post=1939"}],"version-history":[{"count":14,"href":"https:\/\/test.parallel-ideas.ee\/et\/wp-json\/wp\/v2\/pages\/1939\/revisions"}],"predecessor-version":[{"id":30755,"href":"https:\/\/test.parallel-ideas.ee\/et\/wp-json\/wp\/v2\/pages\/1939\/revisions\/30755"}],"wp:attachment":[{"href":"https:\/\/test.parallel-ideas.ee\/et\/wp-json\/wp\/v2\/media?parent=1939"}],"curies":[{"name":"wp","href":"https:\/\/api.w.org\/{rel}","templated":true}]}}