{"id":1933,"date":"2022-11-08T11:43:00","date_gmt":"2022-11-08T08:43:00","guid":{"rendered":"https:\/\/test.parallel-ideas.ee\/tarne\/"},"modified":"2023-08-31T08:20:41","modified_gmt":"2023-08-31T05:20:41","slug":"tarne","status":"publish","type":"page","link":"https:\/\/test.parallel-ideas.ee\/et\/tarne\/","title":{"rendered":"Tarne"},"content":{"rendered":"<p>[et_pb_section fb_built=&#8221;1&#8243; admin_label=&#8221;where to use&#8221; module_id=&#8221;quadrant-display&#8221; _builder_version=&#8221;4.16&#8243; _module_preset=&#8221;default&#8221; min_height=&#8221;123.2px&#8221; custom_padding=&#8221;54px||0px||false|&#8221; global_colors_info=&#8221;{}&#8221;][et_pb_row _builder_version=&#8221;4.16&#8243; _module_preset=&#8221;default&#8221; custom_margin=&#8221;-18px|auto||auto||&#8221; custom_padding=&#8221;||0px||false|false&#8221; global_colors_info=&#8221;{}&#8221;][et_pb_column type=&#8221;4_4&#8243; _builder_version=&#8221;4.16&#8243; _module_preset=&#8221;default&#8221; global_colors_info=&#8221;{}&#8221;][et_pb_text _builder_version=&#8221;4.16&#8243; _module_preset=&#8221;default&#8221; header_3_font=&#8221;|300|||||||&#8221; header_3_font_size=&#8221;30px&#8221; global_colors_info=&#8221;{}&#8221;]<\/p>\n<h3>Tarne<\/h3>\n<p>[\/et_pb_text][\/et_pb_column][\/et_pb_row][\/et_pb_section][et_pb_section fb_built=&#8221;1&#8243; module_id=&#8221;natural-block&#8221; _builder_version=&#8221;4.16&#8243; _module_preset=&#8221;default&#8221; custom_padding=&#8221;0px||0px|||&#8221; global_colors_info=&#8221;{}&#8221;][et_pb_row use_custom_gutter=&#8221;on&#8221; gutter_width=&#8221;1&#8243; make_equal=&#8221;on&#8221; _builder_version=&#8221;4.16&#8243; _module_preset=&#8221;default&#8221; width=&#8221;100%&#8221; max_width=&#8221;2560px&#8221; custom_margin=&#8221;|auto|-75px|auto||&#8221; custom_padding=&#8221;0px||0px|||&#8221; global_colors_info=&#8221;{}&#8221;][et_pb_column type=&#8221;4_4&#8243; _builder_version=&#8221;4.16&#8243; _module_preset=&#8221;default&#8221; global_colors_info=&#8221;{}&#8221;][et_pb_text _builder_version=&#8221;4.22.1&#8243; _module_preset=&#8221;default&#8221; text_font=&#8221;|300|||||||&#8221; text_text_color=&#8221;#000000&#8243; text_font_size=&#8221;14px&#8221; text_line_height=&#8221;1.6em&#8221; header_4_font_size=&#8221;25px&#8221; transform_translate=&#8221;119px|-32px&#8221; z_index=&#8221;0&#8243; max_width=&#8221;90%&#8221; custom_margin=&#8221;||18px|||&#8221; custom_padding=&#8221;35px|35px||35px|false|true&#8221; hover_enabled=&#8221;0&#8243; global_colors_info=&#8221;{}&#8221; sticky_enabled=&#8221;0&#8243;]<\/p>\n<p>Lugupeetud kliendid, enamasti j\u00f5uab <span style=\"color: #ff0000;\">teie tellimus teile 2 t\u00f6\u00f6p\u00e4eva jooksul<\/span>, soovime teile teatada, et m\u00f5nikord j\u00f5uavad m\u00f5ned tellimused teieni 5 p\u00e4eva jooksul.<\/p>\n<p>T\u00e4name teid k\u00f5iki toetuse eest nendel rasketel aegadel ja lubame, et meie meeskond annab endast parima, et hoida teid rahul ja hubasena.<\/p>\n<p>K\u00f5iki tellimusi <span style=\"color: #ff0000;\">t\u00f6\u00f6deldakse 24 tunni jooksul<\/span>, kui kaup on laos olemas.<\/p>\n<p><span style=\"color: #ff0000;\">Puhkep\u00e4evadel ja riigip\u00fchadel tarnet ei teostata.<\/span> Tellimused, mis esitatakse puhkep\u00e4evadel v\u00f5i riigip\u00fchadel, v\u00f5etakse t\u00f6\u00f6sse ja saadetakse v\u00e4lja j\u00e4rgneval t\u00f6\u00f6p\u00e4eval.<\/p>\n<p><strong>Tellimuse kiirsaatmine<\/strong><br \/><span>Kogege v\u00e4lkkiiret kohaletoimetamist meie ekspressteenusega rull-tahvlite jaoks!<br \/>Me m\u00f5istame teie turundusvajaduste kiireloomulisust ja seep\u00e4rast on meil hea meel pakkuda kiiret lahendust. Olenemata sellest, kas tegemist on eelseisva messi, \u00fcrituse v\u00f5i esitlusega, meie kiirkuller tagab, et teie esmaklassilised rullstendid on teie k\u00e4es just siis, kui te neid vajate. Usaldage meid kvaliteedi, kiiruse ja silmapaistva esinemise nimel igal \u00fcritusel. Teie edu on meie prioriteet, mis saavutatakse \u00f5igeaegselt. Lihtsalt k\u00fcsi seda.<\/span><\/p>\n<p><strong>Tarne maksumus<\/strong><br \/>Kauba saatmiskulud m\u00e4\u00e4ratakse vastavalt tarneviisile ja juhul, kui tarneaadress asub v\u00e4ljaspool Tallinna linnaosa.<br \/>Gargobus veo puhul s\u00f5ltub hind kauba kaalust ja suurusest ning selle arvutab hiljem v\u00e4lja meie juht.<br \/>Kulleriga saatmise korral m\u00e4\u00e4ratakse hind v\u00e4ljaspool Eesti Vabariiki vastavalt kaalule, sihtkohale ja valitud saatmisviisile, mille arvutab hiljem v\u00e4lja meie juht.<\/p>\n<p><strong>Tasuta maapealne kohaletoimetamine<br \/><\/strong><span>N\u00fc\u00fcd lisaboonusena TASUTA maapealne kohaletoimetamine Tallinnasse! \u00dctle h\u00fcvasti peidetud tasudele ja tere tulemusele kuluefektiivse, probleemivaba kohaliku tarne puhul.<br \/>\u00dcksk\u00f5ik, kas tegemist on teie ettev\u00f5tte, \u00fcrituse v\u00f5i esitlusega, meie tipptasemel roll-up stendid panevad teie s\u00f5numi s\u00e4rama teie \u00fcritusel Tallinna s\u00fcdames.<br \/><\/span>Tasuta kohaletoimetamine h\u00f5lmab k\u00f5iki Tallinna linnapiirkondi; Viimsi, Maardu ja Peetri on tasuta maapealsest kohaletoimetamisest v\u00e4lja j\u00e4etud.<\/p>\n<p><span style=\"font-size: 14px;\"><\/span><\/p>\n<p><span style=\"font-size: 14px;\"><span>Kohaletoimetamine ja kohaletoimetamine viimati uuendatud 28. augustil 2023.<\/span><\/span><\/p>\n<p>&nbsp;<\/p>\n<p>&nbsp;<\/p>\n<p>[\/et_pb_text][\/et_pb_column][\/et_pb_row][\/et_pb_section]<\/p>\n","protected":false},"excerpt":{"rendered":"<p>TarneLugupeetud kliendid, enamasti j\u00f5uab teie tellimus teile 2 t\u00f6\u00f6p\u00e4eva jooksul, soovime teile teatada, et m\u00f5nikord j\u00f5uavad m\u00f5ned tellimused teieni 5 p\u00e4eva jooksul. T\u00e4name teid k\u00f5iki toetuse eest nendel rasketel aegadel ja lubame, et meie meeskond annab endast parima, et hoida teid rahul ja hubasena. K\u00f5iki tellimusi t\u00f6\u00f6deldakse 24 tunni jooksul, kui kaup on laos olemas. [&hellip;]<\/p>\n","protected":false},"author":1,"featured_media":0,"parent":0,"menu_order":0,"comment_status":"closed","ping_status":"open","template":"","meta":{"_et_pb_use_builder":"on","_et_pb_old_content":"","_et_gb_content_width":"","inline_featured_image":false,"footnotes":""},"class_list":["post-1933","page","type-page","status-publish","hentry"],"aioseo_notices":[],"_links":{"self":[{"href":"https:\/\/test.parallel-ideas.ee\/et\/wp-json\/wp\/v2\/pages\/1933","targetHints":{"allow":["GET"]}}],"collection":[{"href":"https:\/\/test.parallel-ideas.ee\/et\/wp-json\/wp\/v2\/pages"}],"about":[{"href":"https:\/\/test.parallel-ideas.ee\/et\/wp-json\/wp\/v2\/types\/page"}],"author":[{"embeddable":true,"href":"https:\/\/test.parallel-ideas.ee\/et\/wp-json\/wp\/v2\/users\/1"}],"replies":[{"embeddable":true,"href":"https:\/\/test.parallel-ideas.ee\/et\/wp-json\/wp\/v2\/comments?post=1933"}],"version-history":[{"count":4,"href":"https:\/\/test.parallel-ideas.ee\/et\/wp-json\/wp\/v2\/pages\/1933\/revisions"}],"predecessor-version":[{"id":30492,"href":"https:\/\/test.parallel-ideas.ee\/et\/wp-json\/wp\/v2\/pages\/1933\/revisions\/30492"}],"wp:attachment":[{"href":"https:\/\/test.parallel-ideas.ee\/et\/wp-json\/wp\/v2\/media?parent=1933"}],"curies":[{"name":"wp","href":"https:\/\/api.w.org\/{rel}","templated":true}]}}