{"id":1929,"date":"2022-11-08T11:31:50","date_gmt":"2022-11-08T08:31:50","guid":{"rendered":"https:\/\/test.parallel-ideas.ee\/maksevoimalused\/"},"modified":"2023-05-19T12:24:17","modified_gmt":"2023-05-19T09:24:17","slug":"maksevoimalused","status":"publish","type":"page","link":"https:\/\/test.parallel-ideas.ee\/et\/maksevoimalused\/","title":{"rendered":"Maksev\u00f5imalused"},"content":{"rendered":"<p>[et_pb_section fb_built=&#8221;1&#8243; admin_label=&#8221;where to use&#8221; module_id=&#8221;quadrant-display&#8221; _builder_version=&#8221;4.16&#8243; _module_preset=&#8221;default&#8221; min_height=&#8221;123.2px&#8221; custom_padding=&#8221;54px||0px||false|&#8221; global_colors_info=&#8221;{}&#8221;][et_pb_row _builder_version=&#8221;4.16&#8243; _module_preset=&#8221;default&#8221; custom_margin=&#8221;-18px|auto||auto||&#8221; custom_padding=&#8221;||0px||false|false&#8221; global_colors_info=&#8221;{}&#8221;][et_pb_column type=&#8221;4_4&#8243; _builder_version=&#8221;4.16&#8243; _module_preset=&#8221;default&#8221; global_colors_info=&#8221;{}&#8221;][et_pb_text _builder_version=&#8221;4.16&#8243; _module_preset=&#8221;default&#8221; header_3_font=&#8221;|300|||||||&#8221; header_3_font_size=&#8221;30px&#8221; global_colors_info=&#8221;{}&#8221;]<\/p>\n<h3>Maksev\u00f5imalused<\/h3>\n<p>[\/et_pb_text][\/et_pb_column][\/et_pb_row][\/et_pb_section][et_pb_section fb_built=&#8221;1&#8243; module_id=&#8221;natural-block&#8221; _builder_version=&#8221;4.16&#8243; _module_preset=&#8221;default&#8221; custom_padding=&#8221;0px||0px|||&#8221; global_colors_info=&#8221;{}&#8221;][et_pb_row use_custom_gutter=&#8221;on&#8221; gutter_width=&#8221;1&#8243; make_equal=&#8221;on&#8221; _builder_version=&#8221;4.16&#8243; _module_preset=&#8221;default&#8221; width=&#8221;100%&#8221; max_width=&#8221;2560px&#8221; custom_margin=&#8221;|auto|-75px|auto||&#8221; custom_padding=&#8221;0px||0px|||&#8221; global_colors_info=&#8221;{}&#8221;][et_pb_column type=&#8221;4_4&#8243; _builder_version=&#8221;4.16&#8243; _module_preset=&#8221;default&#8221; global_colors_info=&#8221;{}&#8221;][et_pb_text _builder_version=&#8221;4.21.0&#8243; _module_preset=&#8221;default&#8221; text_font=&#8221;|300|||||||&#8221; text_text_color=&#8221;#000000&#8243; text_font_size=&#8221;14px&#8221; text_line_height=&#8221;1.6em&#8221; header_4_font_size=&#8221;25px&#8221; transform_translate=&#8221;119px|-32px&#8221; z_index=&#8221;0&#8243; max_width=&#8221;90%&#8221; custom_margin=&#8221;||18px|||&#8221; custom_padding=&#8221;35px|35px||35px|false|true&#8221; hover_enabled=&#8221;0&#8243; global_colors_info=&#8221;{}&#8221; sticky_enabled=&#8221;0&#8243;]<\/p>\n<p><strong>Maksmine panga\u00fclekandega<\/strong><\/p>\n<p>Saadaval eraisikutele ja \u00e4ri\u00fcksustele.<\/p>\n<p>On v\u00f5imalik tasuda panga\u00fclekandega oma kontolt. Selleks palun valida tellimuse vormistamisel ja andmete sisestamisel &#8220;Panga\u00fclekanne&#8221;. Niipea, kui tellimus v\u00f5etakse t\u00f6\u00f6sse, vormistame arve ja saadame teie e-postile. Et saaksime tellimust t\u00e4ita, on vajalikud juurdep\u00e4\u00e4s teie internetipanka ja teie pangakonto andmed (pangateave ja kontonumber), et makse \u00f5nnestuks.<\/p>\n<p><strong>Meie pangarekvisiidid:<\/strong><br \/><span>Saaja: PARALLEL IDEAS O\u00dc<\/span><br \/><span>IBAN: EE597700771008654800<\/span><br \/><span>Pank: AS LHV pank<\/span><br \/><span>BIC \/ Swift: LHVBEE22<\/span><br \/><span>**Palun kasutage makse kirjelduses arve numbrit: RM####**<\/span><\/p>\n<p>M\u00e4rkus: panga teenustasud ei sisaldu arve hinnas.<\/p>\n<p>&nbsp;<\/p>\n<p>[\/et_pb_text][\/et_pb_column][\/et_pb_row][\/et_pb_section]<\/p>\n","protected":false},"excerpt":{"rendered":"<p>Maksev\u00f5imalusedMaksmine panga\u00fclekandega Saadaval eraisikutele ja \u00e4ri\u00fcksustele. On v\u00f5imalik tasuda panga\u00fclekandega oma kontolt. Selleks palun valida tellimuse vormistamisel ja andmete sisestamisel &#8220;Panga\u00fclekanne&#8221;. Niipea, kui tellimus v\u00f5etakse t\u00f6\u00f6sse, vormistame arve ja saadame teie e-postile. Et saaksime tellimust t\u00e4ita, on vajalikud juurdep\u00e4\u00e4s teie internetipanka ja teie pangakonto andmed (pangateave ja kontonumber), et makse \u00f5nnestuks. Meie pangarekvisiidid:Saaja: PARALLEL IDEAS [&hellip;]<\/p>\n","protected":false},"author":1,"featured_media":0,"parent":0,"menu_order":0,"comment_status":"closed","ping_status":"open","template":"","meta":{"_et_pb_use_builder":"on","_et_pb_old_content":"","_et_gb_content_width":"","inline_featured_image":false,"footnotes":""},"class_list":["post-1929","page","type-page","status-publish","hentry"],"aioseo_notices":[],"_links":{"self":[{"href":"https:\/\/test.parallel-ideas.ee\/et\/wp-json\/wp\/v2\/pages\/1929","targetHints":{"allow":["GET"]}}],"collection":[{"href":"https:\/\/test.parallel-ideas.ee\/et\/wp-json\/wp\/v2\/pages"}],"about":[{"href":"https:\/\/test.parallel-ideas.ee\/et\/wp-json\/wp\/v2\/types\/page"}],"author":[{"embeddable":true,"href":"https:\/\/test.parallel-ideas.ee\/et\/wp-json\/wp\/v2\/users\/1"}],"replies":[{"embeddable":true,"href":"https:\/\/test.parallel-ideas.ee\/et\/wp-json\/wp\/v2\/comments?post=1929"}],"version-history":[{"count":6,"href":"https:\/\/test.parallel-ideas.ee\/et\/wp-json\/wp\/v2\/pages\/1929\/revisions"}],"predecessor-version":[{"id":2231,"href":"https:\/\/test.parallel-ideas.ee\/et\/wp-json\/wp\/v2\/pages\/1929\/revisions\/2231"}],"wp:attachment":[{"href":"https:\/\/test.parallel-ideas.ee\/et\/wp-json\/wp\/v2\/media?parent=1929"}],"curies":[{"name":"wp","href":"https:\/\/api.w.org\/{rel}","templated":true}]}}