{"id":1926,"date":"2022-11-08T11:23:52","date_gmt":"2022-11-08T08:23:52","guid":{"rendered":"https:\/\/test.parallel-ideas.ee\/tagastus\/"},"modified":"2023-08-31T08:15:34","modified_gmt":"2023-08-31T05:15:34","slug":"tagastus","status":"publish","type":"page","link":"https:\/\/test.parallel-ideas.ee\/et\/tagastus\/","title":{"rendered":"Tagastus"},"content":{"rendered":"<p>[et_pb_section fb_built=&#8221;1&#8243; admin_label=&#8221;where to use&#8221; module_id=&#8221;quadrant-display&#8221; _builder_version=&#8221;4.16&#8243; _module_preset=&#8221;default&#8221; min_height=&#8221;123.2px&#8221; custom_padding=&#8221;54px||0px||false|&#8221; global_colors_info=&#8221;{}&#8221;][et_pb_row _builder_version=&#8221;4.16&#8243; _module_preset=&#8221;default&#8221; custom_margin=&#8221;-18px|auto||auto||&#8221; custom_padding=&#8221;||0px||false|false&#8221; global_colors_info=&#8221;{}&#8221;][et_pb_column type=&#8221;4_4&#8243; _builder_version=&#8221;4.16&#8243; _module_preset=&#8221;default&#8221; global_colors_info=&#8221;{}&#8221;][et_pb_text _builder_version=&#8221;4.16&#8243; _module_preset=&#8221;default&#8221; header_3_font=&#8221;|300|||||||&#8221; header_3_font_size=&#8221;30px&#8221; global_colors_info=&#8221;{}&#8221;]<\/p>\n<h3>Tagastus v\u00f5i tellimuse t\u00fchistamine<\/h3>\n<p>[\/et_pb_text][\/et_pb_column][\/et_pb_row][\/et_pb_section][et_pb_section fb_built=&#8221;1&#8243; module_id=&#8221;natural-block&#8221; _builder_version=&#8221;4.16&#8243; _module_preset=&#8221;default&#8221; custom_padding=&#8221;0px||0px|||&#8221; global_colors_info=&#8221;{}&#8221;][et_pb_row use_custom_gutter=&#8221;on&#8221; gutter_width=&#8221;1&#8243; make_equal=&#8221;on&#8221; _builder_version=&#8221;4.16&#8243; _module_preset=&#8221;default&#8221; width=&#8221;100%&#8221; max_width=&#8221;2560px&#8221; custom_margin=&#8221;|auto|-75px|auto||&#8221; custom_padding=&#8221;0px||0px|||&#8221; global_colors_info=&#8221;{}&#8221;][et_pb_column type=&#8221;4_4&#8243; _builder_version=&#8221;4.16&#8243; _module_preset=&#8221;default&#8221; global_colors_info=&#8221;{}&#8221;][et_pb_text _builder_version=&#8221;4.22.1&#8243; _module_preset=&#8221;default&#8221; text_font=&#8221;|300|||||||&#8221; text_text_color=&#8221;#000000&#8243; text_font_size=&#8221;14px&#8221; text_line_height=&#8221;1.6em&#8221; header_4_font_size=&#8221;25px&#8221; transform_translate=&#8221;119px|-32px&#8221; z_index=&#8221;0&#8243; max_width=&#8221;90%&#8221; min_height=&#8221;441.4px&#8221; custom_margin=&#8221;||18px|||&#8221; custom_padding=&#8221;41px|35px||35px|false|true&#8221; hover_enabled=&#8221;0&#8243; global_colors_info=&#8221;{}&#8221; sticky_enabled=&#8221;0&#8243;]<\/p>\n<p><strong>Tellimuse t\u00fchistamine<\/strong><br \/>Teil on v\u00f5imalik t\u00fchistada mistahes tellimus, kui tellimuse staatus on &#8220;t\u00f6\u00f6tluses&#8221; ja kaks tundi peale tellimuse vormistamist. Kui tellimuse staatus on &#8220;T\u00e4idetud&#8221;, siis ei ole seda v\u00f5imalik enam t\u00fchistada. V\u00f5ivad rakenduda j\u00e4reletulemise ja\/v\u00f5i varude t\u00e4iendamine tasud.<\/p>\n<p>Kaubad, mida reklaamitakse kui &#8220;kuni kaupa j\u00e4tkub&#8221;, &#8220;tootmisest maha v\u00f5etud&#8221;, &#8220;l\u00f5pum\u00fc\u00fck&#8221; on l\u00f5pum\u00fc\u00fcgis ja neid ei saa tagastada ega \u00fcmber vahetada.<\/p>\n<p><strong>Tagastus<\/strong><br \/>Vahetamine on tasuta ja tagastatakse prindivigade v\u00f5i ehitush\u00e4irete korral ning raha tagastatakse algsel makseviisil.<\/p>\n<p>Kui m\u00e4rkate v\u00e4rvierinevusi v\u00f5i visuaalseid vigu b\u00e4nneril, mis oli tehtud teie esitatud faili v\u00f5i teie kinnitatud kujunduse p\u00f5hjal. Taolise olukorra puhul ei toimu tasuta tagastust ja kaup ei kuulu tagastamisele.<br \/>Sel juhul tuleb iga kordustr\u00fckk lisatasu eest.<br \/>Vahetuse v\u00f5i tagastamise algatamiseks saatke e-kiri <a href=\"mailto:info@test.parallel-ideas.ee\">info@test.parallel-ideas.ee<\/a>, kus on m\u00e4rgitud tellimuse number (algab #&#8230;..), kauba seisukord ja tagastamise p\u00f5hjus.<\/p>\n<p>Kui teil on k\u00fcsimusi v\u00f5i vajate abi, helistage +372 602-72-14.<\/p>\n<p>Viimane uuendus &#8211; 1. veebruar 2021.<\/p>\n<p>* V\u00f5ivad rakenduda t\u00e4iendavad t\u00f6\u00f6tlemis- v\u00f5i saatmistasud.<\/p>\n<p>&nbsp;<\/p>\n<p>&nbsp;<\/p>\n<p>[\/et_pb_text][\/et_pb_column][\/et_pb_row][\/et_pb_section]<\/p>\n","protected":false},"excerpt":{"rendered":"<p>Tagastus v\u00f5i tellimuse t\u00fchistamineTellimuse t\u00fchistamineTeil on v\u00f5imalik t\u00fchistada mistahes tellimus, kui tellimuse staatus on &#8220;t\u00f6\u00f6tluses&#8221; ja kaks tundi peale tellimuse vormistamist. Kui tellimuse staatus on &#8220;T\u00e4idetud&#8221;, siis ei ole seda v\u00f5imalik enam t\u00fchistada. V\u00f5ivad rakenduda j\u00e4reletulemise ja\/v\u00f5i varude t\u00e4iendamine tasud. Kaubad, mida reklaamitakse kui &#8220;kuni kaupa j\u00e4tkub&#8221;, &#8220;tootmisest maha v\u00f5etud&#8221;, &#8220;l\u00f5pum\u00fc\u00fck&#8221; on l\u00f5pum\u00fc\u00fcgis ja neid [&hellip;]<\/p>\n","protected":false},"author":1,"featured_media":0,"parent":0,"menu_order":0,"comment_status":"closed","ping_status":"open","template":"","meta":{"_et_pb_use_builder":"on","_et_pb_old_content":"","_et_gb_content_width":"","inline_featured_image":false,"footnotes":""},"class_list":["post-1926","page","type-page","status-publish","hentry"],"aioseo_notices":[],"_links":{"self":[{"href":"https:\/\/test.parallel-ideas.ee\/et\/wp-json\/wp\/v2\/pages\/1926","targetHints":{"allow":["GET"]}}],"collection":[{"href":"https:\/\/test.parallel-ideas.ee\/et\/wp-json\/wp\/v2\/pages"}],"about":[{"href":"https:\/\/test.parallel-ideas.ee\/et\/wp-json\/wp\/v2\/types\/page"}],"author":[{"embeddable":true,"href":"https:\/\/test.parallel-ideas.ee\/et\/wp-json\/wp\/v2\/users\/1"}],"replies":[{"embeddable":true,"href":"https:\/\/test.parallel-ideas.ee\/et\/wp-json\/wp\/v2\/comments?post=1926"}],"version-history":[{"count":4,"href":"https:\/\/test.parallel-ideas.ee\/et\/wp-json\/wp\/v2\/pages\/1926\/revisions"}],"predecessor-version":[{"id":30487,"href":"https:\/\/test.parallel-ideas.ee\/et\/wp-json\/wp\/v2\/pages\/1926\/revisions\/30487"}],"wp:attachment":[{"href":"https:\/\/test.parallel-ideas.ee\/et\/wp-json\/wp\/v2\/media?parent=1926"}],"curies":[{"name":"wp","href":"https:\/\/api.w.org\/{rel}","templated":true}]}}