{"id":1908,"date":"2022-11-08T11:12:15","date_gmt":"2022-11-08T08:12:15","guid":{"rendered":"https:\/\/test.parallel-ideas.ee\/teenused\/"},"modified":"2023-08-31T09:33:34","modified_gmt":"2023-08-31T06:33:34","slug":"teenused","status":"publish","type":"page","link":"https:\/\/test.parallel-ideas.ee\/et\/teenused\/","title":{"rendered":"Teenused"},"content":{"rendered":"<p>[et_pb_section fb_built=&#8221;1&#8243; _builder_version=&#8221;4.16&#8243; _module_preset=&#8221;default&#8221; custom_padding=&#8221;0px||0px||true|&#8221; global_colors_info=&#8221;{}&#8221;][et_pb_row _builder_version=&#8221;4.16&#8243; _module_preset=&#8221;default&#8221; custom_padding=&#8221;||0px|||&#8221; global_colors_info=&#8221;{}&#8221;][et_pb_column type=&#8221;4_4&#8243; _builder_version=&#8221;4.16&#8243; _module_preset=&#8221;default&#8221; global_colors_info=&#8221;{}&#8221;][et_pb_text _builder_version=&#8221;4.16&#8243; _module_preset=&#8221;default&#8221; header_3_font=&#8221;|300|||||||&#8221; header_3_font_size=&#8221;30px&#8221; global_colors_info=&#8221;{}&#8221;]<\/p>\n<h3>Kuidas me seda teeme Rollup Masteris?<\/h3>\n<p>[\/et_pb_text][et_pb_text _builder_version=&#8221;4.22.1&#8243; _module_preset=&#8221;default&#8221; text_font=&#8221;|300|||||||&#8221; text_font_size=&#8221;14px&#8221; text_line_height=&#8221;1.6em&#8221; global_colors_info=&#8221;{}&#8221;]<\/p>\n<p><strong>K\u00f5ik on lihtne!<\/strong><br \/>Meie Meister teeb k\u00f5ik endast oleneva, et rahuldada teie vajadusi seoses roll-upiga, et teie t\u00f6\u00f6 sujuks meedias ja teie kaubam\u00e4rgi esitlemine oleks tasemel.<\/p>\n<p>Roll-Up Master \u2013 projekt, mis on p\u00fchendatud loomingulisele ja kvaliteetsele t\u00f6\u00f6le selliste reklaami- ja turundust\u00f6\u00f6riistade visuaalsete ja pilkup\u00fc\u00fcdvate elementidega nagu Roll-Up ja X-Banner.<\/p>\n<p>Omades edukat kogemust tr\u00fcki- ja reklaamiturul \u00fcle \u00fcheksa aasta, on Roll-Up Master v\u00e4lja t\u00f6\u00f6tanud t\u00f5husa l\u00e4henemisviisi klientide vajaduste teenindamiseks ja rahuldamiseks.<br \/>Optimeerides oma \u00e4rikulusid, nagu kontorid kesklinnas, ja t\u00f6\u00f6tades t\u00f5husamate partneritega, saavutasime hinnad, mis panevad teid naeratama.<br \/>Meie Roll-Up-ide mugavaks k\u00e4ttesaadavaks tegemiseks tegime kohaletoimetamise Tallinna linnas tasuta, isegi kui tellisite ainult 1 Roll-Upi.<\/p>\n<p>Samuti pakume lahendusi teie stendidele personaalse disainikontseptsiooni v\u00e4ljat\u00f6\u00f6tamiseks, mis sobib teie ettev\u00f5tte kuvandiga ja toetab teie \u00e4ris\u00f5numit.<br \/>Kiireloomulise tellimuse korral t\u00f6\u00f6tab meie meister teie tellimuse 24 tunni jooksul ilma lisatasudeta. Seet\u00f5ttu ongi meie teenindusstandardid k\u00f5rged ning hinnatase madal.<\/p>\n<p>&nbsp;<\/p>\n<p>[\/et_pb_text][\/et_pb_column][\/et_pb_row][\/et_pb_section][et_pb_section fb_built=&#8221;1&#8243; _builder_version=&#8221;4.16&#8243; _module_preset=&#8221;default&#8221; custom_padding=&#8221;0px||0px||true|&#8221; global_colors_info=&#8221;{}&#8221;][et_pb_row _builder_version=&#8221;4.16&#8243; _module_preset=&#8221;default&#8221; custom_padding=&#8221;0px|||||&#8221; global_colors_info=&#8221;{}&#8221;][et_pb_column type=&#8221;4_4&#8243; _builder_version=&#8221;4.16&#8243; _module_preset=&#8221;default&#8221; global_colors_info=&#8221;{}&#8221;][et_pb_text _builder_version=&#8221;4.16&#8243; _module_preset=&#8221;default&#8221; header_3_font=&#8221;|300|||||||&#8221; header_3_font_size=&#8221;30px&#8221; global_colors_info=&#8221;{}&#8221;]<\/p>\n<h3>Mida me teeme Rollup Masteris?<\/h3>\n<p>[\/et_pb_text][\/et_pb_column][\/et_pb_row][et_pb_row column_structure=&#8221;1_2,1_2&#8243; use_custom_gutter=&#8221;on&#8221; gutter_width=&#8221;1&#8243; make_equal=&#8221;on&#8221; module_id=&#8221;wwd-boxes&#8221; _builder_version=&#8221;4.16&#8243; _module_preset=&#8221;default&#8221; custom_padding=&#8221;0px||0px|||&#8221; global_colors_info=&#8221;{}&#8221;][et_pb_column type=&#8221;1_2&#8243; _builder_version=&#8221;4.16&#8243; _module_preset=&#8221;default&#8221; background_color=&#8221;#032b35&#8243; global_colors_info=&#8221;{}&#8221;][et_pb_text _builder_version=&#8221;4.16&#8243; _module_preset=&#8221;default&#8221; text_font=&#8221;|300|||||||&#8221; text_text_color=&#8221;#FFFFFF&#8221; text_font_size=&#8221;14px&#8221; link_font=&#8221;|600||on|||||&#8221; link_text_color=&#8221;#FFFFFF&#8221; link_font_size=&#8221;11px&#8221; header_3_text_color=&#8221;#FFFFFF&#8221; custom_padding=&#8221;35px|50px||50px|false|true&#8221; global_colors_info=&#8221;{}&#8221;]<\/p>\n<h3><img decoding=\"async\" src=\"https:\/\/rollupmaster.parallel-ideas.ee\/wp-content\/uploads\/2021\/02\/Group-116_.svg\" width=\"125\"> <span>Roll-Up stendid<\/span><\/h3>\n<p>[\/et_pb_text][et_pb_text _builder_version=&#8221;4.22.1&#8243; _module_preset=&#8221;default&#8221; text_font=&#8221;|300|||||||&#8221; text_text_color=&#8221;#FFFFFF&#8221; text_font_size=&#8221;14px&#8221; link_font=&#8221;|600||on|||||&#8221; link_text_color=&#8221;#FFFFFF&#8221; link_font_size=&#8221;11px&#8221; header_3_text_color=&#8221;#FFFFFF&#8221; custom_margin=&#8221;0px||0px||true|false&#8221; custom_padding=&#8221;0px|50px|35px|50px|false|true&#8221; global_colors_info=&#8221;{}&#8221;]<\/p>\n<p>Roll-Up Master pakub laia valikut stendit\u00fc\u00fcpe ja suurusi, mis sobivad teie ettev\u00f5ttele v\u00f5i isegi vajadustele<\/p>\n<p><a href=\"https:\/\/rollupmaster.parallel-ideas.ee\/\"><img loading=\"lazy\" decoding=\"async\" src=\"https:\/\/rollupmaster.parallel-ideas.ee\/wp-content\/uploads\/2021\/02\/Group-112.png\" alt=\"\" width=\"25\" height=\"25\"><\/a><a href=\"\/roll-up-catalog\/?wpf=wpf_5fbbd1dbd8b2e&amp;wpf_cols=3&amp;wpf_pa_stand-type=roll-up-standard%2Croll-up-double%2Croll-up-lux%2Cx-banner\"> TELLI ROLL-UP<\/a><\/p>\n<p>[\/et_pb_text][\/et_pb_column][et_pb_column type=&#8221;1_2&#8243; _builder_version=&#8221;4.16&#8243; _module_preset=&#8221;default&#8221; background_color=&#8221;#c5310d&#8221; global_colors_info=&#8221;{}&#8221;][et_pb_text _builder_version=&#8221;4.16&#8243; _module_preset=&#8221;default&#8221; text_font=&#8221;|300|||||||&#8221; text_text_color=&#8221;#FFFFFF&#8221; text_font_size=&#8221;14px&#8221; link_font=&#8221;|600||on|||||&#8221; link_text_color=&#8221;#FFFFFF&#8221; link_font_size=&#8221;11px&#8221; header_3_text_color=&#8221;#FFFFFF&#8221; custom_padding=&#8221;35px|50px||50px|false|true&#8221; global_colors_info=&#8221;{}&#8221;]<\/p>\n<h3><img decoding=\"async\" src=\"https:\/\/rollupmaster.parallel-ideas.ee\/wp-content\/uploads\/2021\/02\/Group-106_.svg\" width=\"125\"> <span>Roll-Up stendi kujundus<\/span><\/h3>\n<p>[\/et_pb_text][et_pb_text _builder_version=&#8221;4.22.1&#8243; _module_preset=&#8221;default&#8221; text_font=&#8221;|300|||||||&#8221; text_text_color=&#8221;#FFFFFF&#8221; text_font_size=&#8221;14px&#8221; link_font=&#8221;|600||on|||||&#8221; link_text_color=&#8221;#FFFFFF&#8221; link_font_size=&#8221;11px&#8221; header_3_text_color=&#8221;#FFFFFF&#8221; custom_margin=&#8221;0px||0px||true|false&#8221; custom_padding=&#8221;0px|50px|35px|50px|false|true&#8221; global_colors_info=&#8221;{}&#8221;]<\/p>\n<p>Roll-Up Masteri eesm\u00e4rk on kujundada teie Roll Up v\u00f5i X-Banner visuaali jaoks loominguline ja professionaalne disainikontseptsioon.<\/p>\n<p><a href=\"https:\/\/rollupmaster.parallel-ideas.ee\/\"><img loading=\"lazy\" decoding=\"async\" src=\"https:\/\/rollupmaster.parallel-ideas.ee\/wp-content\/uploads\/2021\/02\/Group-111.png\" alt=\"\" width=\"25\" height=\"25\"><\/a><a href=\"\/roll-up-catalog\/?wpf=wpf_5fbbd1dbd8b2e&amp;wpf_cols=3&amp;wpf_design-services=basic-design-service%2Ccorporate-design-service%2Cfile-preparing\"> Telli roll-up disain<\/a><\/p>\n<p>[\/et_pb_text][\/et_pb_column][\/et_pb_row][et_pb_row column_structure=&#8221;1_2,1_2&#8243; use_custom_gutter=&#8221;on&#8221; gutter_width=&#8221;1&#8243; make_equal=&#8221;on&#8221; module_id=&#8221;wwd-boxes&#8221; _builder_version=&#8221;4.16&#8243; _module_preset=&#8221;default&#8221; custom_padding=&#8221;0px||0px|||&#8221; global_colors_info=&#8221;{}&#8221;][et_pb_column type=&#8221;1_2&#8243; _builder_version=&#8221;4.16&#8243; _module_preset=&#8221;default&#8221; background_color=&#8221;#c5310d&#8221; global_colors_info=&#8221;{}&#8221;][et_pb_text _builder_version=&#8221;4.16&#8243; _module_preset=&#8221;default&#8221; text_font=&#8221;|300|||||||&#8221; text_text_color=&#8221;#FFFFFF&#8221; text_font_size=&#8221;14px&#8221; link_font=&#8221;|600||on|||||&#8221; link_text_color=&#8221;#FFFFFF&#8221; link_font_size=&#8221;11px&#8221; header_3_text_color=&#8221;#FFFFFF&#8221; custom_padding=&#8221;35px|50px||50px|false|true&#8221; global_colors_info=&#8221;{}&#8221;]<\/p>\n<h3><img decoding=\"async\" src=\"https:\/\/rollupmaster.parallel-ideas.ee\/wp-content\/uploads\/2021\/02\/Group-109.svg\" width=\"125\"> <span>Faili uuendamine<\/span><\/h3>\n<p>[\/et_pb_text][et_pb_text _builder_version=&#8221;4.22.1&#8243; _module_preset=&#8221;default&#8221; text_font=&#8221;|300|||||||&#8221; text_text_color=&#8221;#FFFFFF&#8221; text_font_size=&#8221;14px&#8221; link_font=&#8221;|600||on|||||&#8221; link_text_color=&#8221;#FFFFFF&#8221; link_font_size=&#8221;11px&#8221; header_3_text_color=&#8221;#FFFFFF&#8221; min_height=&#8221;111px&#8221; custom_margin=&#8221;0px||0px||true|false&#8221; custom_padding=&#8221;0px|50px|35px|50px|false|true&#8221; global_colors_info=&#8221;{}&#8221;]<\/p>\n<p>Roll-Up Masteri eesm\u00e4rk on pakkuda teile t\u00e4ielikku valikut professionaalseid teenuseid, nii et kui teil on kujundusfail ja soovite seda v\u00e4rskendada v\u00f5i printimiseks ette valmistada, saame aidata. Lihtsalt k\u00fcsige.<\/p>\n<p><a href=\"https:\/\/rollupmaster.parallel-ideas.ee\/\"><img loading=\"lazy\" decoding=\"async\" src=\"https:\/\/rollupmaster.parallel-ideas.ee\/wp-content\/uploads\/2021\/02\/Group-111.png\" alt=\"\" width=\"25\" height=\"25\"><\/a><a href=\"https:\/\/test.parallel-ideas.ee\/et\/roll-up-catalog\/design-service-file-preparing\/\"> Tellige faili v\u00e4rskendus<\/a><\/p>\n<p>[\/et_pb_text][\/et_pb_column][et_pb_column type=&#8221;1_2&#8243; _builder_version=&#8221;4.16&#8243; _module_preset=&#8221;default&#8221; background_color=&#8221;#032b35&#8243; global_colors_info=&#8221;{}&#8221;][et_pb_text _builder_version=&#8221;4.16&#8243; _module_preset=&#8221;default&#8221; text_font=&#8221;|300|||||||&#8221; text_text_color=&#8221;#FFFFFF&#8221; text_font_size=&#8221;14px&#8221; link_font=&#8221;|600||on|||||&#8221; link_text_color=&#8221;#FFFFFF&#8221; link_font_size=&#8221;11px&#8221; header_3_text_color=&#8221;#FFFFFF&#8221; custom_padding=&#8221;35px|50px||50px|false|true&#8221; global_colors_info=&#8221;{}&#8221;]<\/p>\n<h3><img decoding=\"async\" src=\"https:\/\/rollupmaster.parallel-ideas.ee\/wp-content\/uploads\/2021\/02\/Group-116.svg\" width=\"125\"> <span>Ekspress Roll-Up<\/span><\/h3>\n<p>[\/et_pb_text][et_pb_text _builder_version=&#8221;4.22.1&#8243; _module_preset=&#8221;default&#8221; text_font=&#8221;|300|||||||&#8221; text_text_color=&#8221;#FFFFFF&#8221; text_font_size=&#8221;14px&#8221; link_font=&#8221;|600||on|||||&#8221; link_text_color=&#8221;#FFFFFF&#8221; link_font_size=&#8221;11px&#8221; header_3_text_color=&#8221;#FFFFFF&#8221; custom_margin=&#8221;0px||0px||true|false&#8221; custom_padding=&#8221;0px|50px|35px|50px|false|true&#8221; global_colors_info=&#8221;{}&#8221;]<\/p>\n<p>Digitaalne printimine v\u00f5imaldab kiiremat printimist, Roll-Up Masteri meeskond on p\u00fchendunud k\u00f5rgetasemelisele klienditeenindusele \u2013 nii saame t\u00f6\u00f6 tehtud esimesel v\u00f5imalusel! Lihtsalt k\u00fcsi seda.<\/p>\n<p><img loading=\"lazy\" decoding=\"async\" src=\"https:\/\/rollupmaster.parallel-ideas.ee\/wp-content\/uploads\/2021\/02\/Group-112.png\" alt=\"\" width=\"25\" height=\"25\"> <a href=\"https:\/\/test.parallel-ideas.ee\/et\/tarne\/\">Lisateave kohaletoimetamise kohta<\/a><a href=\"\/roll-up-catalog\/?wpf=wpf_5fbbd1dbd8b2e&amp;wpf_cols=3&amp;wpf_pa_stand-type=roll-up-standard%2Croll-up-double%2Croll-up-lux%2Cx-banner\"><\/a><\/p>\n<p>[\/et_pb_text][\/et_pb_column][\/et_pb_row][et_pb_row column_structure=&#8221;1_2,1_2&#8243; use_custom_gutter=&#8221;on&#8221; gutter_width=&#8221;1&#8243; make_equal=&#8221;on&#8221; module_id=&#8221;wwd-boxes&#8221; _builder_version=&#8221;4.16&#8243; _module_preset=&#8221;default&#8221; custom_padding=&#8221;0px||0px|||&#8221; global_colors_info=&#8221;{}&#8221;][et_pb_column type=&#8221;1_2&#8243; _builder_version=&#8221;4.16&#8243; _module_preset=&#8221;default&#8221; background_color=&#8221;#032b35&#8243; global_colors_info=&#8221;{}&#8221;][et_pb_text _builder_version=&#8221;4.19.4&#8243; _module_preset=&#8221;default&#8221; text_font=&#8221;|300|||||||&#8221; text_text_color=&#8221;#FFFFFF&#8221; text_font_size=&#8221;14px&#8221; link_font=&#8221;|600||on|||||&#8221; link_text_color=&#8221;#FFFFFF&#8221; link_font_size=&#8221;11px&#8221; header_3_text_color=&#8221;#FFFFFF&#8221; custom_padding=&#8221;35px|50px||50px|false|true&#8221; global_colors_info=&#8221;{}&#8221;]<\/p>\n<h3><img loading=\"lazy\" decoding=\"async\" src=\"https:\/\/test.parallel-ideas.ee\/wp-content\/uploads\/2023\/01\/tallinn-300x300.png\" width=\"95\" height=\"95\" alt=\"\" class=\"wp-image-2154 alignnone size-medium\"> Toome Tallinnas kohale tasuta<\/h3>\n<p>[\/et_pb_text][et_pb_text _builder_version=&#8221;4.22.1&#8243; _module_preset=&#8221;default&#8221; text_font=&#8221;|300|||||||&#8221; text_text_color=&#8221;#FFFFFF&#8221; text_font_size=&#8221;14px&#8221; link_font=&#8221;|600||on|||||&#8221; link_text_color=&#8221;#FFFFFF&#8221; link_font_size=&#8221;11px&#8221; header_3_text_color=&#8221;#FFFFFF&#8221; custom_margin=&#8221;0px||0px||true|false&#8221; custom_padding=&#8221;0px|50px|35px|50px|false|true&#8221; hover_enabled=&#8221;0&#8243; global_colors_info=&#8221;{}&#8221; sticky_enabled=&#8221;0&#8243;]<\/p>\n<p>Roll-Up Master toimetab teie tellimuse Tallinna linnas tasuta kohale j\u00e4rgmisel p\u00e4eval, kui teie tellimus on valmis.<\/p>\n<p><a href=\"https:\/\/test.parallel-ideas.ee\/et\/tarne\/\"><img loading=\"lazy\" decoding=\"async\" src=\"https:\/\/rollupmaster.parallel-ideas.ee\/wp-content\/uploads\/2021\/02\/Group-112.png\" alt=\"\" width=\"25\" height=\"25\"> <\/a><a href=\"https:\/\/test.parallel-ideas.ee\/et\/tarne\/\">Lisateave kohaletoimetamise kohta<\/a><\/p>\n<p>[\/et_pb_text][\/et_pb_column][et_pb_column type=&#8221;1_2&#8243; _builder_version=&#8221;4.16&#8243; _module_preset=&#8221;default&#8221; background_color=&#8221;#c5310d&#8221; global_colors_info=&#8221;{}&#8221;][et_pb_text _builder_version=&#8221;4.19.4&#8243; _module_preset=&#8221;default&#8221; text_font=&#8221;|300|||||||&#8221; text_text_color=&#8221;#FFFFFF&#8221; text_font_size=&#8221;14px&#8221; link_font=&#8221;|600||on|||||&#8221; link_text_color=&#8221;#FFFFFF&#8221; link_font_size=&#8221;11px&#8221; header_3_text_color=&#8221;#FFFFFF&#8221; custom_padding=&#8221;35px|50px||50px|false|true&#8221; global_colors_info=&#8221;{}&#8221;]<\/p>\n<h3><img loading=\"lazy\" decoding=\"async\" src=\"https:\/\/test.parallel-ideas.ee\/wp-content\/uploads\/2023\/01\/EU-300x203.png\" width=\"128\" height=\"86\" alt=\"\" class=\"wp-image-2157 alignnone size-medium\"> Tarnime k\u00f5ikjal Euroopa Liidus<\/h3>\n<p>[\/et_pb_text][et_pb_text _builder_version=&#8221;4.22.1&#8243; _module_preset=&#8221;default&#8221; text_font=&#8221;|300|||||||&#8221; text_text_color=&#8221;#FFFFFF&#8221; text_font_size=&#8221;14px&#8221; link_font=&#8221;|600||on|||||&#8221; link_text_color=&#8221;#FFFFFF&#8221; link_font_size=&#8221;11px&#8221; header_3_text_color=&#8221;#FFFFFF&#8221; custom_margin=&#8221;0px||0px||true|false&#8221; custom_padding=&#8221;0px|50px|35px|50px|false|true&#8221; global_colors_info=&#8221;{}&#8221;]<\/p>\n<p>Roll-Up Master toimetab teie tellimuse meie partneri DPD, DHL ja Cargo bussiga k\u00f5ikjale Euroopa Liitu.<\/p>\n<p><a href=\"https:\/\/test.parallel-ideas.ee\/et\/tarne\/\"><img loading=\"lazy\" decoding=\"async\" src=\"https:\/\/test.parallel-ideas.ee\/wp-content\/uploads\/2021\/02\/Group-111.png\" width=\"25\" height=\"25\" alt=\"\" class=\"wp-image-930 alignnone size-full\" srcset=\"https:\/\/test.parallel-ideas.ee\/wp-content\/uploads\/2021\/02\/Group-111.png 143w, https:\/\/test.parallel-ideas.ee\/wp-content\/uploads\/2021\/02\/Group-111-100x100.png 100w\" sizes=\"(max-width: 25px) 100vw, 25px\" \/><\/a><a href=\"https:\/\/test.parallel-ideas.ee\/et\/tarne\/\">Lisateave kohaletoimetamise kohta<\/a><\/p>\n<p>[\/et_pb_text][\/et_pb_column][\/et_pb_row][\/et_pb_section]<\/p>\n","protected":false},"excerpt":{"rendered":"<p>Kuidas me seda teeme Rollup Masteris?K\u00f5ik on lihtne!Meie Meister teeb k\u00f5ik endast oleneva, et rahuldada teie vajadusi seoses roll-upiga, et teie t\u00f6\u00f6 sujuks meedias ja teie kaubam\u00e4rgi esitlemine oleks tasemel. Roll-Up Master \u2013 projekt, mis on p\u00fchendatud loomingulisele ja kvaliteetsele t\u00f6\u00f6le selliste reklaami- ja turundust\u00f6\u00f6riistade visuaalsete ja pilkup\u00fc\u00fcdvate elementidega nagu Roll-Up ja X-Banner. Omades edukat [&hellip;]<\/p>\n","protected":false},"author":1,"featured_media":0,"parent":0,"menu_order":0,"comment_status":"closed","ping_status":"open","template":"","meta":{"_et_pb_use_builder":"on","_et_pb_old_content":"","_et_gb_content_width":"","inline_featured_image":false,"footnotes":""},"class_list":["post-1908","page","type-page","status-publish","hentry"],"aioseo_notices":[],"_links":{"self":[{"href":"https:\/\/test.parallel-ideas.ee\/et\/wp-json\/wp\/v2\/pages\/1908","targetHints":{"allow":["GET"]}}],"collection":[{"href":"https:\/\/test.parallel-ideas.ee\/et\/wp-json\/wp\/v2\/pages"}],"about":[{"href":"https:\/\/test.parallel-ideas.ee\/et\/wp-json\/wp\/v2\/types\/page"}],"author":[{"embeddable":true,"href":"https:\/\/test.parallel-ideas.ee\/et\/wp-json\/wp\/v2\/users\/1"}],"replies":[{"embeddable":true,"href":"https:\/\/test.parallel-ideas.ee\/et\/wp-json\/wp\/v2\/comments?post=1908"}],"version-history":[{"count":25,"href":"https:\/\/test.parallel-ideas.ee\/et\/wp-json\/wp\/v2\/pages\/1908\/revisions"}],"predecessor-version":[{"id":30551,"href":"https:\/\/test.parallel-ideas.ee\/et\/wp-json\/wp\/v2\/pages\/1908\/revisions\/30551"}],"wp:attachment":[{"href":"https:\/\/test.parallel-ideas.ee\/et\/wp-json\/wp\/v2\/media?parent=1908"}],"curies":[{"name":"wp","href":"https:\/\/api.w.org\/{rel}","templated":true}]}}